{"id":91,"date":"2024-02-29T09:50:37","date_gmt":"2024-02-29T08:50:37","guid":{"rendered":"https:\/\/jovial-turing.81-169-251-74.plesk.page\/?page_id=91"},"modified":"2024-10-09T14:50:40","modified_gmt":"2024-10-09T12:50:40","slug":"illegale-drogen","status":"publish","type":"page","link":"https:\/\/suchtmr.de\/index.php\/illegale-drogen\/","title":{"rendered":"Drogen"},"content":{"rendered":"\n<h5 class=\"wp-block-heading\" style=\"font-size:10px\">\u00a9 Teerapat Pattanasoponpong\/ 123rf.com<\/h5>\n\n\n\n<figure class=\"wp-block-image size-full\"><img decoding=\"async\" width=\"799\" height=\"39\" src=\"https:\/\/suchtmr.de\/wp-content\/uploads\/2024\/02\/Rausch_Breit.jpg\" alt=\"\" class=\"wp-image-57\" srcset=\"https:\/\/suchtmr.de\/wp-content\/uploads\/2024\/02\/Rausch_Breit.jpg 799w, https:\/\/suchtmr.de\/wp-content\/uploads\/2024\/02\/Rausch_Breit-300x15.jpg 300w, https:\/\/suchtmr.de\/wp-content\/uploads\/2024\/02\/Rausch_Breit-768x37.jpg 768w\" sizes=\"(max-width: 799px) 100vw, 799px\" \/><\/figure>\n\n\n\n<h3 class=\"wp-block-heading\">F\u00fcr wen sind wir da?<\/h3>\n\n\n\n<ul class=\"wp-block-list\">\n<li>Menschen, die illegale Drogen konsumieren und bef\u00fcrchten, problematisch zu konsumieren oder abh\u00e4ngig zu sein<\/li>\n\n\n\n<li>Jugendliche und junge Erwachsene, die sich \u00fcber ihren Umgang mit Suchtmitteln im Freundeskreis oder auch \u00fcber den eigenen Konsum Gedanken machen<\/li>\n\n\n\n<li>Konsumenten und Konsumentinnen&nbsp;von Drogenersatzstoffen (Methadon, Polamidon, Subutex, etc.), die sich in einem \u00e4rztlich \u00fcberwachten Substitutionsprogramm befinden<\/li>\n\n\n\n<li>Angeh\u00f6rige, die sich aufgrund von Drogenkonsum im Freundes- oder Familienkreis Sorgen machen<\/li>\n\n\n\n<li>Personen, die im beruflichen Umfeld mit Drogenproblemen in Ber\u00fchrung kommen<\/li>\n\n\n\n<li>Jeden, der sich \u00fcber Konsum und Abh\u00e4ngigkeit informieren m\u00f6chte<\/li>\n<\/ul>\n\n\n\n<p><\/p>\n\n\n\n<h3 class=\"wp-block-heading\">Wir sind an folgenden Standorten f\u00fcr Sie da:<\/h3>\n\n\n\n<blockquote class=\"wp-block-quote is-layout-flow wp-block-quote-is-layout-flow\">\n<h2 class=\"wp-block-heading\"><a href=\"https:\/\/suchtmr.de\/index.php\/kontakt\/hauptstelle-marburg\/\" data-type=\"page\" data-id=\"143\">Marburg<\/a><\/h2>\n\n\n\n<p><br>Frankfurter Stra\u00dfe 35, 35037 Marburg<br>Telefon: 0 64 21\/ 26 0 33 &#8211; Fax: 0 64 21\/ 26 0 35<\/p>\n\n\n\n<p>Drogensprechstunde montags 14:30 &#8211; 15:30 Uhr<br>Termine m\u00f6glichst mit Voranmeldung.<\/p>\n<\/blockquote>\n\n\n\n<blockquote class=\"wp-block-quote is-layout-flow wp-block-quote-is-layout-flow\">\n<h2 class=\"wp-block-heading\"><a href=\"https:\/\/suchtmr.de\/index.php\/kontakt\/aussenstelle-stadt-allendorf\/\" data-type=\"page\" data-id=\"147\">Stadtallendorf<\/a><\/h2>\n\n\n\n<p><br>Am Bahnhof 10, 35260 Stadtallendorf<br>Telefon: 0 64 28\/ 73 33, Fax: 0 64 28\/ 4 01 80<br><br>Termine m\u00f6glichst mit Voranmeldung.<\/p>\n<\/blockquote>\n\n\n\n<blockquote class=\"wp-block-quote is-layout-flow wp-block-quote-is-layout-flow\">\n<h5 class=\"wp-block-heading\">Unsere Gespr\u00e4che unterliegen der Schweigepflicht. Unsere Beratung ist kostenfrei und kann auf Wunsch auch anonym in Anspruch genommen werden.<\/h5>\n<\/blockquote>\n\n\n\n<p><\/p>\n","protected":false},"excerpt":{"rendered":"<p>\u00a9 Teerapat Pattanasoponpong\/ 123rf.com F\u00fcr wen sind wir da? Wir sind an folgenden Standorten f\u00fcr Sie da: Marburg Frankfurter Stra\u00dfe 35, 35037 MarburgTelefon: 0 64 21\/ 26 0 33 &#8211; Fax: 0 64 21\/ 26 0 35 Drogensprechstunde montags 14:30 &#8211; 15:30 UhrTermine m\u00f6glichst mit Voranmeldung. Stadtallendorf Am Bahnhof 10, 35260 StadtallendorfTelefon: 0 64 28\/ [&#8230;]<\/p>\n<p><a class=\"btn btn-secondary understrap-read-more-link\" href=\"https:\/\/suchtmr.de\/index.php\/illegale-drogen\/\">Weiterlesen\u00a0\u2026<span class=\"screen-reader-text\"> from Drogen<\/span><\/a><\/p>\n","protected":false},"author":1,"featured_media":0,"parent":0,"menu_order":0,"comment_status":"closed","ping_status":"closed","template":"","meta":{"footnotes":""},"class_list":["post-91","page","type-page","status-publish","hentry"],"_links":{"self":[{"href":"https:\/\/suchtmr.de\/index.php\/wp-json\/wp\/v2\/pages\/91","targetHints":{"allow":["GET"]}}],"collection":[{"href":"https:\/\/suchtmr.de\/index.php\/wp-json\/wp\/v2\/pages"}],"about":[{"href":"https:\/\/suchtmr.de\/index.php\/wp-json\/wp\/v2\/types\/page"}],"author":[{"embeddable":true,"href":"https:\/\/suchtmr.de\/index.php\/wp-json\/wp\/v2\/users\/1"}],"replies":[{"embeddable":true,"href":"https:\/\/suchtmr.de\/index.php\/wp-json\/wp\/v2\/comments?post=91"}],"version-history":[{"count":6,"href":"https:\/\/suchtmr.de\/index.php\/wp-json\/wp\/v2\/pages\/91\/revisions"}],"predecessor-version":[{"id":389,"href":"https:\/\/suchtmr.de\/index.php\/wp-json\/wp\/v2\/pages\/91\/revisions\/389"}],"wp:attachment":[{"href":"https:\/\/suchtmr.de\/index.php\/wp-json\/wp\/v2\/media?parent=91"}],"curies":[{"name":"wp","href":"https:\/\/api.w.org\/{rel}","templated":true}]}}