{"id":9,"date":"2023-11-22T11:06:00","date_gmt":"2023-11-22T10:06:00","guid":{"rendered":"https:\/\/jovial-turing.81-169-251-74.plesk.page\/?page_id=9"},"modified":"2025-12-04T10:01:11","modified_gmt":"2025-12-04T09:01:11","slug":"impressum","status":"publish","type":"page","link":"https:\/\/suchtmr.de\/index.php\/impressum\/","title":{"rendered":"Impressum"},"content":{"rendered":"\n<h2 class=\"wp-block-heading\">Anbieterkennzeichnung nach TMG<\/h2>\n\n\n\n<p><strong>Diakonisches Werk Marburg-Biedenkopf<br><\/strong>Zweckverband der Kirchenkreise Kirchhain und Marburg und des Dekanats Biedenkopf-Gladenbach<\/p>\n\n\n\n<p>Haspelstra\u00dfe 5<br>D-35037 Marburg<\/p>\n\n\n\n<p>Telefon: (06421) 91&nbsp;26 \u2013 0<br>Fax: (06421) 91&nbsp;26 \u2013 33<\/p>\n\n\n\n<p>E-Mail: <a href=\"mailto:dw.marburg-biedenkopf@ekkw.de\">dw.marburg-biedenkopf(at)ekkw.de<\/a><\/p>\n\n\n\n<p>Das Werk wird durch den gesch\u00e4ftsf\u00fchrenden Vorstand vertreten: <\/p>\n\n\n\n<ul class=\"wp-block-list\">\n<li>Harald Spreda (Gesch\u00e4ftsf\u00fchrer und Vorsitzender)<\/li>\n\n\n\n<li>Helmut Giebeler (Stellvertreter)<\/li>\n\n\n\n<li>Dr. Klaus Mei\u00df<\/li>\n<\/ul>\n\n\n\n<p>Der Verbandsvorstand vertritt das Diakonische Werk\u00a0Marburg-Biedenkopf gerichtlich und au\u00dfergerichtlich.<br>Vorsitzender des Verbandsvorstandes ist Dekan Dr. Burkhard Freiherr von D\u00f6rnberg.<\/p>\n\n\n\n<p>Kirchliches Amtsblatt der Evangelischen Kirche von Kurhessen-Waldeck Nr. 6\/2023, S. 130-133<\/p>\n\n\n\n<h3 class=\"wp-block-heading\">Verantwortlich f\u00fcr den Webauftritt<\/h3>\n\n\n\n<p><br>Harald Spreda<br>Frankfurter Stra\u00dfe 35<br>D-35261 Biedenkopf<\/p>\n\n\n\n<p>Telefon: (06461) 26033<\/p>\n\n\n\n<p>Fax: (06421) 26035<\/p>\n\n\n\n<p>E-Mail: <a href=\"mailto:sven.kepper@ekkw.de\">harald.spreda[at]ekkw.de<\/a><\/p>\n\n\n\n<h3 class=\"wp-block-heading\">Online-Redaktion<\/h3>\n\n\n\n<p><br>Sebastian Reinhard<br>Frankfurter Stra\u00dfe 35<br>D-35261 Biedenkopf<\/p>\n\n\n\n<p>Telefon: (06461) 26033<\/p>\n\n\n\n<p>E-Mail: <a href=\"mailto:Iris.maerte@ekkw.de\">sebastian.reinhard(at)ekkw.de<\/a><\/p>\n\n\n\n<h3 class=\"wp-block-heading\">Copyright-Hinweis<\/h3>\n\n\n\n<p><br>Alle auf unseren Seiten verwendeten Grafiken, Fotos, Texte, etc. unterliegen dem Copyright des Diakonischen Werkes Marburg-Biedenkopf bzw. von Dritten. Diese d\u00fcrfen nicht bzw. nur nach R\u00fccksprache mit dem Verantwortlichen unseres Webauftritts weiter verwendet werden.<\/p>\n\n\n\n<p><\/p>\n\n\n\n<p>Zu allen gezeigten Bildern liegen die jeweiligen Ver\u00f6ffentlichungsrechte vor.<\/p>\n\n\n\n<p>Bei Fotos, die nicht hier aufgef\u00fchrt wurden, liegen die Rechte beim DWMB.<\/p>\n\n\n\n<h3 class=\"wp-block-heading\">Rechtlicher Hinweis zur Haftung<\/h3>\n\n\n\n<p><br>Die Inhalte externer Links werden von uns sorgf\u00e4ltig gepr\u00fcft. Wir \u00fcbernehmen dennoch keine Haftung f\u00fcr die Inhalte der mit oder von unserer Website verlinkten externen Webseiten. F\u00fcr die Inhalte dieser Seiten sind ausschlie\u00dflich deren Anbieter verantwortlich.<\/p>\n","protected":false},"excerpt":{"rendered":"<p>Anbieterkennzeichnung nach TMG Diakonisches Werk Marburg-BiedenkopfZweckverband der Kirchenkreise Kirchhain und Marburg und des Dekanats Biedenkopf-Gladenbach Haspelstra\u00dfe 5D-35037 Marburg Telefon: (06421) 91&nbsp;26 \u2013 0Fax: (06421) 91&nbsp;26 \u2013 33 E-Mail: dw.marburg-biedenkopf(at)ekkw.de Das Werk wird durch den gesch\u00e4ftsf\u00fchrenden Vorstand vertreten: Der Verbandsvorstand vertritt das Diakonische Werk\u00a0Marburg-Biedenkopf gerichtlich und au\u00dfergerichtlich.Vorsitzender des Verbandsvorstandes ist Dekan Dr. Burkhard Freiherr von D\u00f6rnberg. [&#8230;]<\/p>\n<p><a class=\"btn btn-secondary understrap-read-more-link\" href=\"https:\/\/suchtmr.de\/index.php\/impressum\/\">Weiterlesen\u00a0\u2026<span class=\"screen-reader-text\"> from Impressum<\/span><\/a><\/p>\n","protected":false},"author":1,"featured_media":0,"parent":0,"menu_order":0,"comment_status":"closed","ping_status":"closed","template":"","meta":{"footnotes":""},"class_list":["post-9","page","type-page","status-publish","hentry"],"_links":{"self":[{"href":"https:\/\/suchtmr.de\/index.php\/wp-json\/wp\/v2\/pages\/9","targetHints":{"allow":["GET"]}}],"collection":[{"href":"https:\/\/suchtmr.de\/index.php\/wp-json\/wp\/v2\/pages"}],"about":[{"href":"https:\/\/suchtmr.de\/index.php\/wp-json\/wp\/v2\/types\/page"}],"author":[{"embeddable":true,"href":"https:\/\/suchtmr.de\/index.php\/wp-json\/wp\/v2\/users\/1"}],"replies":[{"embeddable":true,"href":"https:\/\/suchtmr.de\/index.php\/wp-json\/wp\/v2\/comments?post=9"}],"version-history":[{"count":8,"href":"https:\/\/suchtmr.de\/index.php\/wp-json\/wp\/v2\/pages\/9\/revisions"}],"predecessor-version":[{"id":524,"href":"https:\/\/suchtmr.de\/index.php\/wp-json\/wp\/v2\/pages\/9\/revisions\/524"}],"wp:attachment":[{"href":"https:\/\/suchtmr.de\/index.php\/wp-json\/wp\/v2\/media?parent=9"}],"curies":[{"name":"wp","href":"https:\/\/api.w.org\/{rel}","templated":true}]}}