{"id":88,"date":"2024-02-29T09:50:05","date_gmt":"2024-02-29T08:50:05","guid":{"rendered":"https:\/\/jovial-turing.81-169-251-74.plesk.page\/?page_id=88"},"modified":"2025-05-12T10:34:55","modified_gmt":"2025-05-12T08:34:55","slug":"gluecksspielsucht","status":"publish","type":"page","link":"https:\/\/suchtmr.de\/index.php\/gluecksspielsucht\/","title":{"rendered":"Gl\u00fccksspielsucht"},"content":{"rendered":"\t\t<div data-elementor-type=\"wp-page\" data-elementor-id=\"88\" class=\"elementor elementor-88\" data-elementor-post-type=\"page\">\n\t\t\t\t<div class=\"elementor-element elementor-element-42db3e6c e-flex e-con-boxed e-con e-parent\" data-id=\"42db3e6c\" data-element_type=\"container\" data-e-type=\"container\">\n\t\t\t\t\t<div class=\"e-con-inner\">\n\t\t\t\t<div class=\"elementor-element elementor-element-44ef17a9 elementor-widget elementor-widget-text-editor\" data-id=\"44ef17a9\" data-element_type=\"widget\" data-e-type=\"widget\" data-widget_type=\"text-editor.default\">\n\t\t\t\t<div class=\"elementor-widget-container\">\n\t\t\t\t\t\t\t\t\t\n<h5 class=\"wp-block-heading\" style=\"font-size: 10px;\">\u00a9 Kalligra, SoleilC &#8211; stock.adobe.com \u00a9 Irochka,Thomas Aumann\/ FotoFactory.cc<\/h5>\n\n<figure class=\"wp-block-image size-full\"><img fetchpriority=\"high\" decoding=\"async\" width=\"851\" height=\"113\" class=\"wp-image-89\" src=\"https:\/\/suchtmr.de\/wp-content\/uploads\/2024\/02\/csm_Fotolia_-_Kalligra__SoleilC__FotoFactory.cc_Irochka_Thomas_Aumann_2edf58c2af.jpg\" alt=\"\" srcset=\"https:\/\/suchtmr.de\/wp-content\/uploads\/2024\/02\/csm_Fotolia_-_Kalligra__SoleilC__FotoFactory.cc_Irochka_Thomas_Aumann_2edf58c2af.jpg 851w, https:\/\/suchtmr.de\/wp-content\/uploads\/2024\/02\/csm_Fotolia_-_Kalligra__SoleilC__FotoFactory.cc_Irochka_Thomas_Aumann_2edf58c2af-300x40.jpg 300w, https:\/\/suchtmr.de\/wp-content\/uploads\/2024\/02\/csm_Fotolia_-_Kalligra__SoleilC__FotoFactory.cc_Irochka_Thomas_Aumann_2edf58c2af-768x102.jpg 768w\" sizes=\"(max-width: 851px) 100vw, 851px\" \/><\/figure>\n\n<p>Gl\u00fccksspielanbieter locken in den letzten Jahren mit immer neuen Angeboten, die schnellen und immer h\u00f6heren Gewinn versprechen. Auch\u00a0online wird heftig um potentielle Gl\u00fccksspieler geworben &#8211; insbesondere\u00a0Sportwettangebote und Online-Casinos boomen derzeit. Dies f\u00fchrt dazu, dass immer mehr Menschen die Kontrolle \u00fcber ihr Spielverhalten und ihre finanziellen Eins\u00e4tze verlieren und in den Teufelskreis einer Gl\u00fccksspielsucht geraten, mit existenzgef\u00e4hrdenden finanziellen\u00a0 und psychischen Folgewirkungen f\u00fcr den Betroffenen, aber auch f\u00fcr die mitbetroffenen Familienangeh\u00f6rigen.<br \/><br \/>Viele Betroffene besch\u00e4ftigt die Frage, warum man das eigene Gl\u00fccksspiel trotz\u00a0gegenteiliger Vors\u00e4tze\u00a0weiter betreibt, oder wie man \u00fcberhaupt in die Situation geraten konnte, ein problematisches Gl\u00fccksspielverhalten zu entwickeln.<br \/>Kommt es dennoch immer wieder zum Gl\u00fccksspiel f\u00fchrt dies zu starken \u00c4rger- oder auch Angstgef\u00fchlen. In pers\u00f6nlichen <strong>Einzelgespr\u00e4chen <\/strong>st\u00e4rken wir Sie in Ihrer Ver\u00e4nderungsmotivation und zeigen Ihnen Wege auf, eine stabile und vor allem zufriedene Spielfreiheit aufbauen zu k\u00f6nnen.<\/p>\n<hr class=\"wp-block-separator has-alpha-channel-opacity\" \/>\n<p>\u00a0<\/p>\n\n<h3 class=\"wp-block-heading has-medium-font-size\">Unser Gruppenangebot: Gemeinsam st\u00e4rker!<\/h3>\n\n<p>\u00a0<\/p>\n\n<figure class=\"wp-block-image size-medium\"><img decoding=\"async\" width=\"300\" height=\"200\" class=\"wp-image-131\" src=\"https:\/\/suchtmr.de\/wp-content\/uploads\/2024\/02\/Fotolia_-__Rawpixel.com_-_Tauziehen-300x200.jpg\" alt=\"\" srcset=\"https:\/\/suchtmr.de\/wp-content\/uploads\/2024\/02\/Fotolia_-__Rawpixel.com_-_Tauziehen-300x200.jpg 300w, https:\/\/suchtmr.de\/wp-content\/uploads\/2024\/02\/Fotolia_-__Rawpixel.com_-_Tauziehen.jpg 424w\" sizes=\"(max-width: 300px) 100vw, 300px\" \/><\/figure>\n\n<ul class=\"wp-block-list\">\n<li>Als einer von wenigen Standorten in Hessen, bieten wir eine spezielle Gruppe zum Thema Gl\u00fccksspiel an.<\/li>\n\n<li>Die Gespr\u00e4chsgruppe findet jeden Mittwoch, von 17.00 bis 18.40 Uhr statt.<\/li>\n\n<li>Voraussetzungen zur Teilnahme sind\u00a0eine zuvor vierw\u00f6chige Spielfreiheit sowie eine vorige Kontaktaufnahme zu einem unserer Berater.<\/li>\n<\/ul>\n\n<p>\u00a0<\/p>\n\n<h5><span style=\"text-decoration: underline;\">Machen Sie den Selbsttest:<\/span><\/h5>\n<ul>\n<li>\u00a0&#8222;Ich kann erst mit dem Spielen aufh\u00f6ren, wenn ich kein Geld mehr habe&#8220;<\/li>\n<li>&#8222;Verlieren ist eine pers\u00f6nliche Niederlage, die ich wettmachen m\u00f6chte&#8220;\u00a0\u00a0<\/li>\n<li>&#8222;Ich denke oft ans Gl\u00fccksspielen und versp\u00fcre einen inneren Spieldrang&#8220;<\/li>\n<li>&#8222;Zur Geldbeschaffung habe ich schon andere Menschen belogen oder betrogen&#8220;<\/li>\n<\/ul>\n\n<p><sup>CCCC &#8211; Questionaire (Petry 2003)<\/sup><\/p>\n\n<blockquote class=\"wp-block-quote is-layout-flow wp-block-quote-is-layout-flow\">\n<p style=\"font-size: 17px;\">Wenn Sie mindestens zwei der vier Fragen mit ja beantworten, ist dies ein klarer Hinweis auf ein bestehendes Gl\u00fccksspielproblem und k\u00f6nnte Anlass sein, sich mit einem unserer Fachberater zu einem unverbindlichen\u00a0Beratungsgespr\u00e4ch zu verabreden.<\/p>\n<\/blockquote>\n<hr class=\"wp-block-separator has-alpha-channel-opacity\" \/>\n<p>\u00a0<\/p>\n\t\t\t\t\t\t\t\t<\/div>\n\t\t\t\t<\/div>\n\t\t\t\t\t<\/div>\n\t\t\t\t<\/div>\n\t\t<div class=\"elementor-element elementor-element-05a8394 e-grid e-con-boxed e-con e-parent\" data-id=\"05a8394\" data-element_type=\"container\" data-e-type=\"container\">\n\t\t\t\t\t<div class=\"e-con-inner\">\n\t\t\t\t<div class=\"elementor-element elementor-element-993296e elementor-widget elementor-widget-text-editor\" data-id=\"993296e\" data-element_type=\"widget\" data-e-type=\"widget\" data-widget_type=\"text-editor.default\">\n\t\t\t\t<div class=\"elementor-widget-container\">\n\t\t\t\t\t\t\t\t\t<h6><strong><span style=\"text-decoration: underline;\">Schnelle Hilfe:<\/span><\/strong><br \/><br \/>Sie haben sich dazu entschieden das Gl\u00fccksspiel zu pausieren oder dauerhaft darauf zu verzichten? Wenn nicht schon geschehen, ist die Einrichtung der OASIS-Spielsperre hierf\u00fcr eine grunds\u00e4tzlich ratsame Sofortma\u00dfnahme. Die bundesweit g\u00fcltige Sperre f\u00fcr Gl\u00fccksspielautomaten sowie Online-Gl\u00fcckspiel kann \u00fcber folgendes Portal eingerichtet werden. Hier erhalten Sie auch weitere Informationen dazu:\u00a0<br \/><br \/><a href=\"https:\/\/hessendante.hessen.de\/forms\/findform?shortname=SpSE&amp;formtecid=3&amp;areashortname=RPDA_III_34_SP&amp;needSB=4\">Antrag auf Eintragung einer Selbstsperre in OASIS nach dem Gl\u00fccksspielstaatsvertrag 2021 (\u00a7 8a Gl\u00fcStV 2021) &#8211; Informationen zum Antrag<\/a> \u00a0<br \/><br \/><br \/><\/h6>\n<h6><span style=\"text-decoration: underline;\"><strong>Probleme mit dem Spielerschutz?<\/strong><\/span><\/h6>\n<ul>\n<li><strong>Sie haben die Spielsperre eingerichtet und konnten dennoch einen\u00a0 Geldspielautomaten nutzen?<\/strong><\/li>\n<li><strong>Sie bekommen Werbung obwohl Sie gesperrt sind?<\/strong><\/li>\n<li><strong>Sie konnten ohne weiteres \u00fcber das Einzahlungslimit von 1.000\u20ac spielen?\u00a0<\/strong><\/li>\n<\/ul>\n<p>Wenn Sie eine entsprechende Beschwerde nicht pers\u00f6nlich an das Ordnungsamt melden m\u00f6chten, bietet Ihnen der Fachverband Gl\u00fccksspielsucht e.V. (FAGS) \u00fcber folgendes Online-Meldeformular den Service Ihre Beschwerde anonym an das zust\u00e4ndige Ordnungsamt weiterzuleiten:<br \/><br \/><a href=\"https:\/\/spielerschutz.gluecksspielsucht.de\/\">FAGS Website<\/a><\/p>\t\t\t\t\t\t\t\t<\/div>\n\t\t\t\t<\/div>\n\t\t\t\t<div class=\"elementor-element elementor-element-7f8f037 elementor-widget elementor-widget-text-editor\" data-id=\"7f8f037\" data-element_type=\"widget\" data-e-type=\"widget\" data-widget_type=\"text-editor.default\">\n\t\t\t\t<div class=\"elementor-widget-container\">\n\t\t\t\t\t\t\t\t\t<h5><strong><span style=\"text-decoration: underline;\">Unsere Beratung<\/span><\/strong><\/h5>\n<p>Wir bieten Ihnen kostenlose und auf Wunsch anonyme Gespr\u00e4che an den Standorten:<\/p>\n<ul>\n<li><strong>Marburg<\/strong><\/li>\n<li><strong>Stadtallendorf<\/strong><\/li>\n<li><strong>Biedenkopf<\/strong><\/li>\n<li><strong>Frankenberg<\/strong><\/li>\n<li><strong>Treysa<\/strong><\/li>\n<\/ul>\n<h5>Ihre Fachberater f\u00fcr Gl\u00fccksspielsucht sind Holger Schmidt und Sebastian Reinhard. Die Terminvereinbarung erfolgt \u00fcber unsere Hauptstelle in Marburg:<br \/><a href=\"https:\/\/suchtmr.de\/index.php\/kontakt\/hauptstelle-marburg\/\">Zur Terminvereinbarung.<\/a><\/h5>\t\t\t\t\t\t\t\t<\/div>\n\t\t\t\t<\/div>\n\t\t\t\t\t<\/div>\n\t\t\t\t<\/div>\n\t\t\t\t<\/div>\n\t\t","protected":false},"excerpt":{"rendered":"<p>\u00a9 Kalligra, SoleilC &#8211; stock.adobe.com \u00a9 Irochka,Thomas Aumann\/ FotoFactory.cc Gl\u00fccksspielanbieter locken in den letzten Jahren mit immer neuen Angeboten, die schnellen und immer h\u00f6heren Gewinn versprechen. Auch\u00a0online wird heftig um potentielle Gl\u00fccksspieler geworben &#8211; insbesondere\u00a0Sportwettangebote und Online-Casinos boomen derzeit. Dies f\u00fchrt dazu, dass immer mehr Menschen die Kontrolle \u00fcber ihr Spielverhalten und ihre finanziellen Eins\u00e4tze [&#8230;]<\/p>\n<p><a class=\"btn btn-secondary understrap-read-more-link\" href=\"https:\/\/suchtmr.de\/index.php\/gluecksspielsucht\/\">Weiterlesen\u00a0\u2026<span class=\"screen-reader-text\"> from Gl\u00fccksspielsucht<\/span><\/a><\/p>\n","protected":false},"author":1,"featured_media":0,"parent":0,"menu_order":0,"comment_status":"closed","ping_status":"closed","template":"","meta":{"footnotes":""},"class_list":["post-88","page","type-page","status-publish","hentry"],"_links":{"self":[{"href":"https:\/\/suchtmr.de\/index.php\/wp-json\/wp\/v2\/pages\/88","targetHints":{"allow":["GET"]}}],"collection":[{"href":"https:\/\/suchtmr.de\/index.php\/wp-json\/wp\/v2\/pages"}],"about":[{"href":"https:\/\/suchtmr.de\/index.php\/wp-json\/wp\/v2\/types\/page"}],"author":[{"embeddable":true,"href":"https:\/\/suchtmr.de\/index.php\/wp-json\/wp\/v2\/users\/1"}],"replies":[{"embeddable":true,"href":"https:\/\/suchtmr.de\/index.php\/wp-json\/wp\/v2\/comments?post=88"}],"version-history":[{"count":25,"href":"https:\/\/suchtmr.de\/index.php\/wp-json\/wp\/v2\/pages\/88\/revisions"}],"predecessor-version":[{"id":436,"href":"https:\/\/suchtmr.de\/index.php\/wp-json\/wp\/v2\/pages\/88\/revisions\/436"}],"wp:attachment":[{"href":"https:\/\/suchtmr.de\/index.php\/wp-json\/wp\/v2\/media?parent=88"}],"curies":[{"name":"wp","href":"https:\/\/api.w.org\/{rel}","templated":true}]}}