{"id":73,"date":"2024-02-29T09:40:27","date_gmt":"2024-02-29T08:40:27","guid":{"rendered":"https:\/\/jovial-turing.81-169-251-74.plesk.page\/?page_id=73"},"modified":"2024-10-09T14:48:50","modified_gmt":"2024-10-09T12:48:50","slug":"betreutes-wohnen","status":"publish","type":"page","link":"https:\/\/suchtmr.de\/index.php\/betreutes-wohnen\/","title":{"rendered":"Betreutes Wohnen"},"content":{"rendered":"\n<h5 class=\"wp-block-heading\" style=\"font-size:10px\">\u00a9 Jenny Sturm &#8211; stock.adobe.com<\/h5>\n\n\n\n<figure class=\"wp-block-image size-full\"><img decoding=\"async\" width=\"400\" height=\"67\" src=\"https:\/\/suchtmr.de\/wp-content\/uploads\/2024\/02\/Betreutes_Wohnen_Fotolia_Jenny_Sturm_Haus_mit_Anhaenger_fuer_Text.jpg\" alt=\"\" class=\"wp-image-74\" title=\"\u00a9 Fotolia\/ Jenny Sturm\/ Haus mit Anh\u00e4nger f\u00fcr Text\" srcset=\"https:\/\/suchtmr.de\/wp-content\/uploads\/2024\/02\/Betreutes_Wohnen_Fotolia_Jenny_Sturm_Haus_mit_Anhaenger_fuer_Text.jpg 400w, https:\/\/suchtmr.de\/wp-content\/uploads\/2024\/02\/Betreutes_Wohnen_Fotolia_Jenny_Sturm_Haus_mit_Anhaenger_fuer_Text-300x50.jpg 300w\" sizes=\"(max-width: 400px) 100vw, 400px\" \/><\/figure>\n\n\n\n<p>Das Betreute Wohnen soll eine selbstst\u00e4ndige Lebensf\u00fchrung in der eigenen Wohnung erm\u00f6glichen.&nbsp;<br>Es ist ein Angebot f\u00fcr Menschen, die suchtkrank oder suchtgef\u00e4hrdet sind, und Hilfestellung in der Alltagsbew\u00e4ltigung ben\u00f6tigen.<\/p>\n\n\n\n<h3 class=\"wp-block-heading\">Das Betreute Einzelwohnen beinhaltet eine kontinuierliche Begleitung, Beratung und Unterst\u00fctzung bei der:<\/h3>\n\n\n\n<ul class=\"wp-block-list\">\n<li>Wohnraumbeschaffung und Wohnraumeinrichtung<\/li>\n\n\n\n<li>Gestaltung des Alltags in der eigenen Wohnung<\/li>\n\n\n\n<li>Suche und Aufnahme einer Besch\u00e4ftigung<\/li>\n\n\n\n<li>Bew\u00e4ltigung von pers\u00f6nlichen Konflikten<\/li>\n\n\n\n<li>Schuldenregulierung<\/li>\n\n\n\n<li>Selbstversorgung und der Existenzsicherung<\/li>\n\n\n\n<li>Suchtbegleitung mit dem Ziel der suchtmittelfreien Lebensf\u00fchrung<\/li>\n<\/ul>\n\n\n\n<h3 class=\"wp-block-heading\">Finanzierung<\/h3>\n\n\n\n<p>Die Finanzierung obliegt i.d.R. dem Landeswohlfahrtsverband Hessen (nach \u00dcberpr\u00fcfung des Einkommens). Eine Kosten\u00fcbernahme f\u00fcr Kinder und Jugendliche erfolgt nach dem KJHG \u00fcber das Jugendamt.&nbsp;<\/p>\n\n\n\n<p>Vor Beginn der Ma\u00dfnahme wird die \u00dcbernahme der Behandlungskosten beantragt. Den Antrag stellen wir mit Ihnen gemeinsam.<br><br>Alle weiteren Fragen kl\u00e4ren wir gerne in einem pers\u00f6nlichen Gespr\u00e4ch.<\/p>\n\n\n\n<h3 class=\"wp-block-heading\">Standort<\/h3>\n\n\n\n<p>Das Betreute Wohnen hat seinen Sitz in unserer <a href=\"https:\/\/suchtmr.de\/index.php\/kontakt\/aussenstelle-stadt-allendorf\/\" data-type=\"page\" data-id=\"147\">Au\u00dfenstelle in Stadtallendorf<\/a>:<\/p>\n\n\n\n<blockquote class=\"wp-block-quote is-layout-flow wp-block-quote-is-layout-flow\">\n<p><\/p>\n<\/blockquote>\n","protected":false},"excerpt":{"rendered":"<p>\u00a9 Jenny Sturm &#8211; stock.adobe.com Das Betreute Wohnen soll eine selbstst\u00e4ndige Lebensf\u00fchrung in der eigenen Wohnung erm\u00f6glichen.&nbsp;Es ist ein Angebot f\u00fcr Menschen, die suchtkrank oder suchtgef\u00e4hrdet sind, und Hilfestellung in der Alltagsbew\u00e4ltigung ben\u00f6tigen. Das Betreute Einzelwohnen beinhaltet eine kontinuierliche Begleitung, Beratung und Unterst\u00fctzung bei der: Finanzierung Die Finanzierung obliegt i.d.R. dem Landeswohlfahrtsverband Hessen (nach \u00dcberpr\u00fcfung [&#8230;]<\/p>\n<p><a class=\"btn btn-secondary understrap-read-more-link\" href=\"https:\/\/suchtmr.de\/index.php\/betreutes-wohnen\/\">Weiterlesen\u00a0\u2026<span class=\"screen-reader-text\"> from Betreutes Wohnen<\/span><\/a><\/p>\n","protected":false},"author":1,"featured_media":0,"parent":0,"menu_order":0,"comment_status":"closed","ping_status":"closed","template":"","meta":{"footnotes":""},"class_list":["post-73","page","type-page","status-publish","hentry"],"_links":{"self":[{"href":"https:\/\/suchtmr.de\/index.php\/wp-json\/wp\/v2\/pages\/73","targetHints":{"allow":["GET"]}}],"collection":[{"href":"https:\/\/suchtmr.de\/index.php\/wp-json\/wp\/v2\/pages"}],"about":[{"href":"https:\/\/suchtmr.de\/index.php\/wp-json\/wp\/v2\/types\/page"}],"author":[{"embeddable":true,"href":"https:\/\/suchtmr.de\/index.php\/wp-json\/wp\/v2\/users\/1"}],"replies":[{"embeddable":true,"href":"https:\/\/suchtmr.de\/index.php\/wp-json\/wp\/v2\/comments?post=73"}],"version-history":[{"count":4,"href":"https:\/\/suchtmr.de\/index.php\/wp-json\/wp\/v2\/pages\/73\/revisions"}],"predecessor-version":[{"id":387,"href":"https:\/\/suchtmr.de\/index.php\/wp-json\/wp\/v2\/pages\/73\/revisions\/387"}],"wp:attachment":[{"href":"https:\/\/suchtmr.de\/index.php\/wp-json\/wp\/v2\/media?parent=73"}],"curies":[{"name":"wp","href":"https:\/\/api.w.org\/{rel}","templated":true}]}}