{"id":71,"date":"2024-02-29T09:39:33","date_gmt":"2024-02-29T08:39:33","guid":{"rendered":"https:\/\/jovial-turing.81-169-251-74.plesk.page\/?page_id=71"},"modified":"2024-10-09T14:48:21","modified_gmt":"2024-10-09T12:48:21","slug":"ambulante-behandlung-nachsorge-und-poststationaere-weiterbehandlung","status":"publish","type":"page","link":"https:\/\/suchtmr.de\/index.php\/ambulante-behandlung-nachsorge-und-poststationaere-weiterbehandlung\/","title":{"rendered":"Ambulante Behandlung &#8211; Nachsorge und Poststation\u00e4re Weiterbehandlung"},"content":{"rendered":"\n<h5 class=\"wp-block-heading\" style=\"font-size:10px\">\u00a9 Teerapat Pattanasoponpong\/ 123rf.com<\/h5>\n\n\n\n<figure class=\"wp-block-image size-full\"><img decoding=\"async\" width=\"799\" height=\"39\" src=\"https:\/\/suchtmr.de\/wp-content\/uploads\/2024\/02\/Rausch_Breit.jpg\" alt=\"\" class=\"wp-image-57\" srcset=\"https:\/\/suchtmr.de\/wp-content\/uploads\/2024\/02\/Rausch_Breit.jpg 799w, https:\/\/suchtmr.de\/wp-content\/uploads\/2024\/02\/Rausch_Breit-300x15.jpg 300w, https:\/\/suchtmr.de\/wp-content\/uploads\/2024\/02\/Rausch_Breit-768x37.jpg 768w\" sizes=\"(max-width: 799px) 100vw, 799px\" \/><\/figure>\n\n\n\n<p>Die poststation\u00e4re ambulante Rehabilitation ist als Weiterbehandlung nach der Therapie in einer Suchtfachklinik vorgesehen. Das Angebot richtet sich an Sie, sofern Sie eine station\u00e4re Entw\u00f6hnungsbehandlung wegen einer&nbsp;Alkohol- bzw. Medikamentenabh\u00e4ngigkeit oder einer Gl\u00fccksspielsucht abgeschlossen haben, und weitere Unterst\u00fctzung in Anspruch nehmen m\u00f6chten.<\/p>\n\n\n\n<h3 class=\"wp-block-heading\">Ziele<\/h3>\n\n\n\n<ul class=\"wp-block-list\">\n<li>Festigung der Suchtmittelabstinenz<\/li>\n\n\n\n<li>Umsetzung Ihrer Therapieziele im Lebensalltag<\/li>\n\n\n\n<li>Unterst\u00fctzung bei der Reintegration im famili\u00e4ren und beruflichen Umfeld<\/li>\n\n\n\n<li>Austausch und Begegnung mit Menschen, die ebenfalls eine station\u00e4re Suchtbehandlung abgeschlossen haben<\/li>\n<\/ul>\n\n\n\n<h3 class=\"wp-block-heading\">Behandlungsdauer und -umfang<\/h3>\n\n\n\n<p>Die poststation\u00e4re ambulante Rehabilitation dauert 6-12 Monate und wird in der Regel als Gruppentherapie mit einer Gruppensitzung pro Woche \u00e0 100 Minuten durchgef\u00fchrt.<br><br>Einzelgespr\u00e4che finden in gr\u00f6\u00dferen Abst\u00e4nden statt.<br><br>F\u00fcr die Partnerinnen und Partner bieten wir begleitende Angeh\u00f6rigengespr\u00e4che an.<\/p>\n\n\n\n<h3 class=\"wp-block-heading\">Rahmenbedingungen<\/h3>\n\n\n\n<p>In der Regel stellen Sie bereits in der Fachklinik mit Ihrem zust\u00e4ndigen Therapeuten bzw. Ihrer Therapeutin den Antrag auf poststation\u00e4re ambulante Rehabilitation.<\/p>\n\n\n\n<p>Die Kosten f\u00fcr diese ambulante Weiterbehandlung werden vom gleichen Kostentr\u00e4ger wie bei der station\u00e4ren Behandlung getragen.<\/p>\n\n\n\n<p>Alle weiteren Fragen kl\u00e4ren wir gerne in einem pers\u00f6nlichen Vorgespr\u00e4ch.<\/p>\n\n\n\n<h3 class=\"wp-block-heading\">Standorte<\/h3>\n\n\n\n<p><strong><br><a href=\"https:\/\/suchtmr.de\/index.php\/kontakt\/hauptstelle-marburg\/\" data-type=\"page\" data-id=\"143\">Marburg<\/a><\/strong><br>Die Gruppensitzungen finden an zwei Tagen pro Woche stets montags und donnerstags um 17:00 Uhr statt. Einzelgespr\u00e4che werden in gr\u00f6\u00dferen Abst\u00e4nden und nach Vereinbarung angeboten.<br><br><a href=\"https:\/\/suchtmr.de\/index.php\/kontakt\/aussenstelle-stadt-allendorf\/\" data-type=\"page\" data-id=\"147\"><strong>Stadtallendorf<\/strong><\/a><br>Die Gruppensitzungen finden mittwochs um 14:30 Uhr in den R\u00e4umen der Beratungsstelle statt. Einzelgespr\u00e4che werden erg\u00e4nzend angeboten.<br><br><a href=\"https:\/\/suchtmr.de\/index.php\/kontakt\/aussenstelle-biedenkopf\/\" data-type=\"page\" data-id=\"149\"><strong>Biedenkopf<\/strong><\/a><br>Die Gruppensitzungen finden montags um&nbsp;17:00 Uhr in den R\u00e4umen der Beratungsstelle statt.<br>Einzelgespr\u00e4che werden in gr\u00f6\u00dferen Abst\u00e4nden und nach Vereinbarung angeboten.<\/p>\n","protected":false},"excerpt":{"rendered":"<p>\u00a9 Teerapat Pattanasoponpong\/ 123rf.com Die poststation\u00e4re ambulante Rehabilitation ist als Weiterbehandlung nach der Therapie in einer Suchtfachklinik vorgesehen. Das Angebot richtet sich an Sie, sofern Sie eine station\u00e4re Entw\u00f6hnungsbehandlung wegen einer&nbsp;Alkohol- bzw. Medikamentenabh\u00e4ngigkeit oder einer Gl\u00fccksspielsucht abgeschlossen haben, und weitere Unterst\u00fctzung in Anspruch nehmen m\u00f6chten. Ziele Behandlungsdauer und -umfang Die poststation\u00e4re ambulante Rehabilitation dauert 6-12 [&#8230;]<\/p>\n<p><a class=\"btn btn-secondary understrap-read-more-link\" href=\"https:\/\/suchtmr.de\/index.php\/ambulante-behandlung-nachsorge-und-poststationaere-weiterbehandlung\/\">Weiterlesen\u00a0\u2026<span class=\"screen-reader-text\"> from Ambulante Behandlung &#8211; Nachsorge und Poststation\u00e4re Weiterbehandlung<\/span><\/a><\/p>\n","protected":false},"author":1,"featured_media":0,"parent":0,"menu_order":0,"comment_status":"closed","ping_status":"closed","template":"","meta":{"footnotes":""},"class_list":["post-71","page","type-page","status-publish","hentry"],"_links":{"self":[{"href":"https:\/\/suchtmr.de\/index.php\/wp-json\/wp\/v2\/pages\/71","targetHints":{"allow":["GET"]}}],"collection":[{"href":"https:\/\/suchtmr.de\/index.php\/wp-json\/wp\/v2\/pages"}],"about":[{"href":"https:\/\/suchtmr.de\/index.php\/wp-json\/wp\/v2\/types\/page"}],"author":[{"embeddable":true,"href":"https:\/\/suchtmr.de\/index.php\/wp-json\/wp\/v2\/users\/1"}],"replies":[{"embeddable":true,"href":"https:\/\/suchtmr.de\/index.php\/wp-json\/wp\/v2\/comments?post=71"}],"version-history":[{"count":5,"href":"https:\/\/suchtmr.de\/index.php\/wp-json\/wp\/v2\/pages\/71\/revisions"}],"predecessor-version":[{"id":385,"href":"https:\/\/suchtmr.de\/index.php\/wp-json\/wp\/v2\/pages\/71\/revisions\/385"}],"wp:attachment":[{"href":"https:\/\/suchtmr.de\/index.php\/wp-json\/wp\/v2\/media?parent=71"}],"curies":[{"name":"wp","href":"https:\/\/api.w.org\/{rel}","templated":true}]}}