{"id":67,"date":"2024-02-29T09:38:25","date_gmt":"2024-02-29T08:38:25","guid":{"rendered":"https:\/\/jovial-turing.81-169-251-74.plesk.page\/?page_id=67"},"modified":"2024-10-09T14:48:00","modified_gmt":"2024-10-09T12:48:00","slug":"alkohol-und-medikamente","status":"publish","type":"page","link":"https:\/\/suchtmr.de\/index.php\/alkohol-und-medikamente\/","title":{"rendered":"Alkohol und Medikamente"},"content":{"rendered":"\n<h5 class=\"wp-block-heading\" style=\"font-size:10px\">\u00a9 Teerapat Pattanasoponpong\/ 123rf.com<\/h5>\n\n\n\n<figure class=\"wp-block-image size-full\"><img decoding=\"async\" width=\"799\" height=\"39\" src=\"https:\/\/suchtmr.de\/wp-content\/uploads\/2024\/02\/Rausch_Breit.jpg\" alt=\"\" class=\"wp-image-57\" srcset=\"https:\/\/suchtmr.de\/wp-content\/uploads\/2024\/02\/Rausch_Breit.jpg 799w, https:\/\/suchtmr.de\/wp-content\/uploads\/2024\/02\/Rausch_Breit-300x15.jpg 300w, https:\/\/suchtmr.de\/wp-content\/uploads\/2024\/02\/Rausch_Breit-768x37.jpg 768w\" sizes=\"(max-width: 799px) 100vw, 799px\" \/><\/figure>\n\n\n\n<p>Probleme nach Alkoholkonsum, Streit in der Familie wegen Alkoholkonsum, Aufforderung des Arbeitgebers sich Hilfe zu holen, F\u00fchrerscheinentzug, bedenkliche Mitteilungen, schlechte Laborwerte. All das k\u00f6nnten beispielhaft m\u00f6gliche Anl\u00e4sse sein sich professionelle Hilfe zu holen.<br>Scheuen Sie sich nicht Hilfe in Anspruch zu nehmen.<\/p>\n\n\n\n<h3 class=\"wp-block-heading\">Unser Beratungsangebot richtet sich an diejenigen Personen, die<\/h3>\n\n\n\n<ul class=\"wp-block-list\">\n<li>sich \u00fcber Alkohol und Medikamente informieren m\u00f6chten<\/li>\n\n\n\n<li>ihr Konsumverhalten pr\u00fcfen m\u00f6chten<\/li>\n\n\n\n<li>ihren Konsum problematisch finden, sich gef\u00e4hrdet f\u00fchlen oder bef\u00fcrchten abh\u00e4ngig zu sein<\/li>\n\n\n\n<li>im beruflichen Umfeld mit Suchtproblemen in Ber\u00fchrung kommen<\/li>\n\n\n\n<li>sich um konsumierende Angeh\u00f6rige Sorgen machen und unter dem Suchtmittelkonsum von Angeh\u00f6rigen leiden<\/li>\n\n\n\n<li>sich nach dem Entzug der Fahrerlaubnis auf eine MPU vorbereiten m\u00f6chten (<a href=\"https:\/\/suchtmr.de\/index.php?id=80\">mehr<\/a>)<\/li>\n<\/ul>\n\n\n\n<h3 class=\"wp-block-heading\">Gespr\u00e4chstermine sind m\u00f6glich an unseren Standorten<\/h3>\n\n\n\n<blockquote class=\"wp-block-quote is-layout-flow wp-block-quote-is-layout-flow\">\n<ul class=\"wp-block-list\">\n<li><strong><a href=\"https:\/\/suchtmr.de\/index.php\/kontakt\/hauptstelle-marburg\/\" data-type=\"page\" data-id=\"143\">Marburg<\/a><\/strong><\/li>\n\n\n\n<li><strong><a href=\"https:\/\/suchtmr.de\/index.php\/kontakt\/aussenstelle-stadt-allendorf\/\" data-type=\"page\" data-id=\"147\">Stadtallendorf<\/a><\/strong><\/li>\n\n\n\n<li><a href=\"https:\/\/suchtmr.de\/index.php\/kontakt\/aussenstelle-biedenkopf\/\" data-type=\"page\" data-id=\"149\"><strong>Biedenkopf\/ Gladenbach<\/strong><\/a>&nbsp;<\/li>\n<\/ul>\n<\/blockquote>\n\n\n\n<h3 class=\"wp-block-heading\">Unser Angebot im Bereich Alkohol\/ Medikamente umfasst:<\/h3>\n\n\n\n<figure class=\"wp-block-image\"><a href=\"https:\/\/suchtmr.de\/index.php\/ambulante-behandlung-nachsorge-und-poststationaere-weiterbehandlung\/\"><img decoding=\"async\" src=\"https:\/\/suchtmr.de\/fileadmin\/user_upload\/Redaktion\/Bilder\/Allgemein\/Buttons\/Button_Nachsorge.gif\" alt=\"\"\/><\/a><\/figure>\n\n\n\n<figure class=\"wp-block-image\"><a href=\"https:\/\/suchtmr.de\/index.php\/wie-wir-arbeiten\/\"><img decoding=\"async\" src=\"https:\/\/suchtmr.de\/fileadmin\/user_upload\/Redaktion\/Bilder\/Allgemein\/Buttons\/Button_Einzelgespraeche.gif\" alt=\"\"\/><\/a><\/figure>\n\n\n\n<figure class=\"wp-block-image\"><a href=\"https:\/\/suchtmr.de\/index.php\/wie-wir-arbeiten\/\"><img decoding=\"async\" src=\"https:\/\/suchtmr.de\/fileadmin\/user_upload\/Redaktion\/Bilder\/Allgemein\/Buttons\/Button_Angehoerigengespraeche.gif\" alt=\"\"\/><\/a><\/figure>\n\n\n\n<figure class=\"wp-block-image\"><a href=\"https:\/\/suchtmr.de\/index.php\/wie-wir-arbeiten\/\"><img decoding=\"async\" src=\"https:\/\/suchtmr.de\/fileadmin\/user_upload\/Redaktion\/Bilder\/Allgemein\/Buttons\/Button_Gruppenangebot.gif\" alt=\"\"\/><\/a><\/figure>\n\n\n\n<figure class=\"wp-block-image\"><a href=\"https:\/\/suchtmr.de\/index.php\/wie-wir-arbeiten\/\"><img decoding=\"async\" src=\"https:\/\/suchtmr.de\/fileadmin\/user_upload\/Redaktion\/Bilder\/Allgemein\/Buttons\/Button_Paargespraeche.gif\" alt=\"\"\/><\/a><\/figure>\n\n\n\n<figure class=\"wp-block-image\"><a href=\"https:\/\/suchtmr.de\/index.php\/wie-wir-arbeiten\/\"><img decoding=\"async\" src=\"https:\/\/suchtmr.de\/fileadmin\/user_upload\/Redaktion\/Bilder\/Allgemein\/Buttons\/Button_Vermittlung_stationaere_Therapie.gif\" alt=\"\"\/><\/a><\/figure>\n\n\n\n<figure class=\"wp-block-image\"><a href=\"https:\/\/suchtmr.de\/index.php\/ambulante-behandlung-nachsorge-und-poststationaere-weiterbehandlung\/\"><img decoding=\"async\" src=\"https:\/\/suchtmr.de\/fileadmin\/user_upload\/Redaktion\/Bilder\/Allgemein\/Buttons\/Button_Ambulante_Behandlung.gif\" alt=\"\"\/><\/a><\/figure>\n\n\n\n<figure class=\"wp-block-image\"><a href=\"https:\/\/suchtmr.de\/index.php\/mpu-beratung\/\"><img decoding=\"async\" src=\"https:\/\/suchtmr.de\/fileadmin\/user_upload\/Redaktion\/Bilder\/Allgemein\/Buttons\/Button_MPU.gif\" alt=\"\"\/><\/a><\/figure>\n","protected":false},"excerpt":{"rendered":"<p>\u00a9 Teerapat Pattanasoponpong\/ 123rf.com Probleme nach Alkoholkonsum, Streit in der Familie wegen Alkoholkonsum, Aufforderung des Arbeitgebers sich Hilfe zu holen, F\u00fchrerscheinentzug, bedenkliche Mitteilungen, schlechte Laborwerte. All das k\u00f6nnten beispielhaft m\u00f6gliche Anl\u00e4sse sein sich professionelle Hilfe zu holen.Scheuen Sie sich nicht Hilfe in Anspruch zu nehmen. Unser Beratungsangebot richtet sich an diejenigen Personen, die Gespr\u00e4chstermine sind [&#8230;]<\/p>\n<p><a class=\"btn btn-secondary understrap-read-more-link\" href=\"https:\/\/suchtmr.de\/index.php\/alkohol-und-medikamente\/\">Weiterlesen\u00a0\u2026<span class=\"screen-reader-text\"> from Alkohol und Medikamente<\/span><\/a><\/p>\n","protected":false},"author":1,"featured_media":0,"parent":0,"menu_order":0,"comment_status":"closed","ping_status":"closed","template":"","meta":{"footnotes":""},"class_list":["post-67","page","type-page","status-publish","hentry"],"_links":{"self":[{"href":"https:\/\/suchtmr.de\/index.php\/wp-json\/wp\/v2\/pages\/67","targetHints":{"allow":["GET"]}}],"collection":[{"href":"https:\/\/suchtmr.de\/index.php\/wp-json\/wp\/v2\/pages"}],"about":[{"href":"https:\/\/suchtmr.de\/index.php\/wp-json\/wp\/v2\/types\/page"}],"author":[{"embeddable":true,"href":"https:\/\/suchtmr.de\/index.php\/wp-json\/wp\/v2\/users\/1"}],"replies":[{"embeddable":true,"href":"https:\/\/suchtmr.de\/index.php\/wp-json\/wp\/v2\/comments?post=67"}],"version-history":[{"count":5,"href":"https:\/\/suchtmr.de\/index.php\/wp-json\/wp\/v2\/pages\/67\/revisions"}],"predecessor-version":[{"id":383,"href":"https:\/\/suchtmr.de\/index.php\/wp-json\/wp\/v2\/pages\/67\/revisions\/383"}],"wp:attachment":[{"href":"https:\/\/suchtmr.de\/index.php\/wp-json\/wp\/v2\/media?parent=67"}],"curies":[{"name":"wp","href":"https:\/\/api.w.org\/{rel}","templated":true}]}}