{"id":59,"date":"2024-02-29T09:34:02","date_gmt":"2024-02-29T08:34:02","guid":{"rendered":"https:\/\/jovial-turing.81-169-251-74.plesk.page\/?page_id=59"},"modified":"2024-10-09T14:47:37","modified_gmt":"2024-10-09T12:47:37","slug":"unser-verstaendnis-von-sucht","status":"publish","type":"page","link":"https:\/\/suchtmr.de\/index.php\/unser-verstaendnis-von-sucht\/","title":{"rendered":"Unser Verst\u00e4ndnis von Sucht"},"content":{"rendered":"\n<h5 class=\"wp-block-heading\" style=\"font-size:10px\">\u00a9 Teerapat Pattanasoponpong\/ 123rf.com<\/h5>\n\n\n\n<figure class=\"wp-block-image size-full\"><img decoding=\"async\" width=\"799\" height=\"39\" src=\"https:\/\/suchtmr.de\/wp-content\/uploads\/2024\/02\/Rausch_Breit.jpg\" alt=\"\" class=\"wp-image-57\" srcset=\"https:\/\/suchtmr.de\/wp-content\/uploads\/2024\/02\/Rausch_Breit.jpg 799w, https:\/\/suchtmr.de\/wp-content\/uploads\/2024\/02\/Rausch_Breit-300x15.jpg 300w, https:\/\/suchtmr.de\/wp-content\/uploads\/2024\/02\/Rausch_Breit-768x37.jpg 768w\" sizes=\"(max-width: 799px) 100vw, 799px\" \/><\/figure>\n\n\n\n<p>Suchtmittel&nbsp;sind psychisch wirksame Substanzen, die unser Gef\u00fchlsleben beeinflussen und unangenehme Gef\u00fchle reduzieren k\u00f6nnen.<\/p>\n\n\n\n<p>Gerade in Stresssituationen, bei unbew\u00e4ltigten Konflikten oder in schwierigen Lebenssituationen sind Suchtmittel dazu in der Lage, Menschen kurzfristig einen Abstand von&nbsp;belastenden Emotionen zu verschaffen.<br><br>Das macht Suchtmittel, zu denen auch Gl\u00fccksspiel oder andere nicht-stoffliche Suchtmittel z\u00e4hlen k\u00f6nnen, im Erleben vieler Menschen attraktiv und kann dazu verf\u00fchren, sie im Sinne einer Selbstmedikation einzusetzen.<\/p>\n\n\n\n<p>Au\u00dferdem verf\u00fcgen Suchtmittel \u00fcber eine Zwei-Phasen-Wirkung, in welcher auf erw\u00fcnschte Wirkungen (z.B. stimulierende, euphorisierende) unerw\u00fcnschte Effekte (z.B. Entzugserscheinungen, depressive Stimmungslagen) folgen.<\/p>\n\n\n\n<p>Werden die negativen Folgen durch erneuten Konsum bek\u00e4mpft, steigt die Gefahr einer abh\u00e4ngigen Bindung an das Suchtmittel.<\/p>\n\n\n\n<p>Bei wiederholtem Konsum sind die \u00dcberg\u00e4nge von Genuss, Missbrauch, und Gew\u00f6hnung in eine Abh\u00e4ngigkeit oftmals flie\u00dfend.<\/p>\n\n\n\n<p>Um die gleiche Wirkung zu erzielen, macht eine zunehmende Toleranzentwicklung eine Steigerung der Dosis notwendig.<\/p>\n\n\n\n<p>Hat sich eine psychische oder \/und k\u00f6rperliche Abh\u00e4ngigkeit entwickelt, wird der Konsum zum bestimmenden Lebensinhalt. Das Suchtmittel entfaltet&nbsp; eine Eigendynamik, die f\u00fcr den Konsumenten mit einem Kontrollverlust einhergeht. In dieser Phase wird trotz unerw\u00fcnschter Nebenwirkungen weiterkonsumiert, weil positive Effekte des Konsums die unerw\u00fcnschten dominieren.<\/p>\n\n\n\n<h3 class=\"wp-block-heading\">Viele Wege k\u00f6nnen in eine Suchtmittelabh\u00e4ngigkeit f\u00fchren<br>&#8211; und viele auch wieder hinaus!<\/h3>\n","protected":false},"excerpt":{"rendered":"<p>\u00a9 Teerapat Pattanasoponpong\/ 123rf.com Suchtmittel&nbsp;sind psychisch wirksame Substanzen, die unser Gef\u00fchlsleben beeinflussen und unangenehme Gef\u00fchle reduzieren k\u00f6nnen. Gerade in Stresssituationen, bei unbew\u00e4ltigten Konflikten oder in schwierigen Lebenssituationen sind Suchtmittel dazu in der Lage, Menschen kurzfristig einen Abstand von&nbsp;belastenden Emotionen zu verschaffen. Das macht Suchtmittel, zu denen auch Gl\u00fccksspiel oder andere nicht-stoffliche Suchtmittel z\u00e4hlen k\u00f6nnen, im [&#8230;]<\/p>\n<p><a class=\"btn btn-secondary understrap-read-more-link\" href=\"https:\/\/suchtmr.de\/index.php\/unser-verstaendnis-von-sucht\/\">Weiterlesen\u00a0\u2026<span class=\"screen-reader-text\"> from Unser Verst\u00e4ndnis von Sucht<\/span><\/a><\/p>\n","protected":false},"author":1,"featured_media":0,"parent":0,"menu_order":0,"comment_status":"closed","ping_status":"closed","template":"","meta":{"footnotes":""},"class_list":["post-59","page","type-page","status-publish","hentry"],"_links":{"self":[{"href":"https:\/\/suchtmr.de\/index.php\/wp-json\/wp\/v2\/pages\/59","targetHints":{"allow":["GET"]}}],"collection":[{"href":"https:\/\/suchtmr.de\/index.php\/wp-json\/wp\/v2\/pages"}],"about":[{"href":"https:\/\/suchtmr.de\/index.php\/wp-json\/wp\/v2\/types\/page"}],"author":[{"embeddable":true,"href":"https:\/\/suchtmr.de\/index.php\/wp-json\/wp\/v2\/users\/1"}],"replies":[{"embeddable":true,"href":"https:\/\/suchtmr.de\/index.php\/wp-json\/wp\/v2\/comments?post=59"}],"version-history":[{"count":2,"href":"https:\/\/suchtmr.de\/index.php\/wp-json\/wp\/v2\/pages\/59\/revisions"}],"predecessor-version":[{"id":382,"href":"https:\/\/suchtmr.de\/index.php\/wp-json\/wp\/v2\/pages\/59\/revisions\/382"}],"wp:attachment":[{"href":"https:\/\/suchtmr.de\/index.php\/wp-json\/wp\/v2\/media?parent=59"}],"curies":[{"name":"wp","href":"https:\/\/api.w.org\/{rel}","templated":true}]}}