{"id":56,"date":"2024-02-29T09:33:19","date_gmt":"2024-02-29T08:33:19","guid":{"rendered":"https:\/\/jovial-turing.81-169-251-74.plesk.page\/?page_id=56"},"modified":"2024-10-09T14:47:22","modified_gmt":"2024-10-09T12:47:22","slug":"unser-leitbild","status":"publish","type":"page","link":"https:\/\/suchtmr.de\/index.php\/unser-leitbild\/","title":{"rendered":"Unser Leitbild"},"content":{"rendered":"\n<h5 class=\"wp-block-heading\" style=\"font-size:10px\">\u00a9 Teerapat Pattanasoponpong\/ 123rf.com<\/h5>\n\n\n\n<figure class=\"wp-block-image size-full\"><img decoding=\"async\" width=\"799\" height=\"39\" src=\"https:\/\/suchtmr.de\/wp-content\/uploads\/2024\/02\/Rausch_Breit.jpg\" alt=\"\" class=\"wp-image-57\" srcset=\"https:\/\/suchtmr.de\/wp-content\/uploads\/2024\/02\/Rausch_Breit.jpg 799w, https:\/\/suchtmr.de\/wp-content\/uploads\/2024\/02\/Rausch_Breit-300x15.jpg 300w, https:\/\/suchtmr.de\/wp-content\/uploads\/2024\/02\/Rausch_Breit-768x37.jpg 768w\" sizes=\"(max-width: 799px) 100vw, 799px\" \/><\/figure>\n\n\n\n<p>Die Sucht- und Drogenberatung des Diakonischen Werkes&nbsp;Marburg-Biedenkopf ist Mitglied im Landesverband des Diakonischen Werkes Kurhessen-Waldeck. Wir sind Teil der evangelischen Kirche.<\/p>\n\n\n\n<p>Auf der Grundlage eines christlich-humanistischen Menschenbildes sind unsere Angebote offen f\u00fcr Menschen aus allen sozialen Verh\u00e4ltnissen, mit unterschiedlichen Konfessionen, Nationalit\u00e4ten und Weltanschauungen.<\/p>\n\n\n\n<p>Unser Ziel ist es, Suchtkranken und Suchtgef\u00e4hrdeten und ihren Angeh\u00f6rigen fachlich qualifizierte Beratung und Behandlung anzubieten. Wir begegnen unseren KlientInnen respektvoll und einf\u00fchlsam. Wir unterst\u00fctzen sie professionell bei der Krankheitsbew\u00e4ltigung, bei der Verbesserung ihrer Lebenssituation und f\u00f6rdern Wege zu einer zufriedenen Abstinenz.<\/p>\n\n\n\n<p>Wir treten f\u00fcr die gesellschaftliche Integration und Teilhabe unserer KlientInnen ein und ergreifen f\u00fcr sie Partei.<\/p>\n\n\n\n<p>Ambulante diakonische Suchthilfe sieht Hilfe zur Selbsthilfe als wichtigen Bestandteil ihrer Arbeit an, um das Selbstwertgef\u00fchl und die Selbstsicherheit der Menschen, die zu uns kommen, zu f\u00f6rdern und zu erhalten.<\/p>\n\n\n\n<p>Aus den Erfahrungen unserer Arbeit sehen wir die Notwendigkeit, Suchtgef\u00e4hrdungen und problematischen Konsummustern fr\u00fchzeitig entgegen zu wirken. Daraus ergibt sich unser Engagement in der Suchtpr\u00e4vention: Unsere Fachstelle f\u00fcr Suchtpr\u00e4vention arbeitet darauf hin, Kinder und Jugendliche durch die Vermittlung von Lebenskompetenzen und den Aufbau von Schutzfaktoren zu f\u00f6rdern und zu st\u00e4rken.<\/p>\n","protected":false},"excerpt":{"rendered":"<p>\u00a9 Teerapat Pattanasoponpong\/ 123rf.com Die Sucht- und Drogenberatung des Diakonischen Werkes&nbsp;Marburg-Biedenkopf ist Mitglied im Landesverband des Diakonischen Werkes Kurhessen-Waldeck. Wir sind Teil der evangelischen Kirche. Auf der Grundlage eines christlich-humanistischen Menschenbildes sind unsere Angebote offen f\u00fcr Menschen aus allen sozialen Verh\u00e4ltnissen, mit unterschiedlichen Konfessionen, Nationalit\u00e4ten und Weltanschauungen. Unser Ziel ist es, Suchtkranken und Suchtgef\u00e4hrdeten und [&#8230;]<\/p>\n<p><a class=\"btn btn-secondary understrap-read-more-link\" href=\"https:\/\/suchtmr.de\/index.php\/unser-leitbild\/\">Weiterlesen\u00a0\u2026<span class=\"screen-reader-text\"> from Unser Leitbild<\/span><\/a><\/p>\n","protected":false},"author":1,"featured_media":0,"parent":0,"menu_order":0,"comment_status":"closed","ping_status":"closed","template":"","meta":{"footnotes":""},"class_list":["post-56","page","type-page","status-publish","hentry"],"_links":{"self":[{"href":"https:\/\/suchtmr.de\/index.php\/wp-json\/wp\/v2\/pages\/56","targetHints":{"allow":["GET"]}}],"collection":[{"href":"https:\/\/suchtmr.de\/index.php\/wp-json\/wp\/v2\/pages"}],"about":[{"href":"https:\/\/suchtmr.de\/index.php\/wp-json\/wp\/v2\/types\/page"}],"author":[{"embeddable":true,"href":"https:\/\/suchtmr.de\/index.php\/wp-json\/wp\/v2\/users\/1"}],"replies":[{"embeddable":true,"href":"https:\/\/suchtmr.de\/index.php\/wp-json\/wp\/v2\/comments?post=56"}],"version-history":[{"count":2,"href":"https:\/\/suchtmr.de\/index.php\/wp-json\/wp\/v2\/pages\/56\/revisions"}],"predecessor-version":[{"id":381,"href":"https:\/\/suchtmr.de\/index.php\/wp-json\/wp\/v2\/pages\/56\/revisions\/381"}],"wp:attachment":[{"href":"https:\/\/suchtmr.de\/index.php\/wp-json\/wp\/v2\/media?parent=56"}],"curies":[{"name":"wp","href":"https:\/\/api.w.org\/{rel}","templated":true}]}}