{"id":451,"date":"2025-07-23T12:40:56","date_gmt":"2025-07-23T10:40:56","guid":{"rendered":"https:\/\/suchtmr.de\/?page_id=451"},"modified":"2025-07-23T14:40:46","modified_gmt":"2025-07-23T12:40:46","slug":"spenden","status":"publish","type":"page","link":"https:\/\/suchtmr.de\/index.php\/spenden\/","title":{"rendered":"Spenden"},"content":{"rendered":"\t\t<div data-elementor-type=\"wp-page\" data-elementor-id=\"451\" class=\"elementor elementor-451\" data-elementor-post-type=\"page\">\n\t\t\t\t<div class=\"elementor-element elementor-element-f637739 e-flex e-con-boxed e-con e-parent\" data-id=\"f637739\" data-element_type=\"container\" data-e-type=\"container\">\n\t\t\t\t\t<div class=\"e-con-inner\">\n\t\t<div class=\"elementor-element elementor-element-91c82ae e-con-full e-flex e-con e-child\" data-id=\"91c82ae\" data-element_type=\"container\" data-e-type=\"container\">\n\t\t\t\t<div class=\"elementor-element elementor-element-5349d8d elementor-widget elementor-widget-text-editor\" data-id=\"5349d8d\" data-element_type=\"widget\" data-e-type=\"widget\" data-widget_type=\"text-editor.default\">\n\t\t\t\t<div class=\"elementor-widget-container\">\n\t\t\t\t\t\t\t\t\t<h4 style=\"text-align: left;\"><em><span style=\"color: #000000;\">Es gibt viele Menschen und Familien, die unsere Unterst\u00fctzung brauchen, um aus der Sucht herauszufinden.<\/span><\/em><\/h4><h4 style=\"text-align: left;\"><em><span style=\"color: #000000;\">Von der Pr\u00e4vention \u00fcber Beratung bis hin zur Behandlung: <\/span><\/em><em><span style=\"color: #000000;\">Mit Ihrer Spende unterst\u00fctzen Sie direkt unsere Arbeit. <\/span><\/em><em><span style=\"color: #000000;\">Jeder Beitrag hilft, herzlichen Dank!<\/span><\/em><\/h4><h6>\u00a0<\/h6>\t\t\t\t\t\t\t\t<\/div>\n\t\t\t\t<\/div>\n\t\t\t\t<\/div>\n\t\t<div class=\"elementor-element elementor-element-f6e6c12 e-con-full e-flex e-con e-child\" data-id=\"f6e6c12\" data-element_type=\"container\" data-e-type=\"container\">\n\t\t<div class=\"elementor-element elementor-element-0ead12d e-con-full e-flex e-con e-child\" data-id=\"0ead12d\" data-element_type=\"container\" data-e-type=\"container\">\n\t\t\t\t<div class=\"elementor-element elementor-element-8da1081 elementor-widget elementor-widget-text-editor\" data-id=\"8da1081\" data-element_type=\"widget\" data-e-type=\"widget\" data-widget_type=\"text-editor.default\">\n\t\t\t\t<div class=\"elementor-widget-container\">\n\t\t\t\t\t\t\t\t\t<h4><span style=\"text-decoration: underline;\"><a href=\"https:\/\/dw-marburg-biedenkopf.de\/ihre-online-spende\/\">Hier gelangen Sie zu unserem Online-Spendenformular<\/a><\/span><\/h4><p><span style=\"color: #000000;\">(Bitte unter &#8222;Spendenzweck&#8220; die Sucht- und Drogenberatung ausw\u00e4hlen)<\/span><\/p>\t\t\t\t\t\t\t\t<\/div>\n\t\t\t\t<\/div>\n\t\t\t\t<\/div>\n\t\t<div class=\"elementor-element elementor-element-4ea5996 e-con-full e-flex e-con e-child\" data-id=\"4ea5996\" data-element_type=\"container\" data-e-type=\"container\">\n\t\t\t\t<div class=\"elementor-element elementor-element-45a6a56 elementor-widget elementor-widget-text-editor\" data-id=\"45a6a56\" data-element_type=\"widget\" data-e-type=\"widget\" data-widget_type=\"text-editor.default\">\n\t\t\t\t<div class=\"elementor-widget-container\">\n\t\t\t\t\t\t\t\t\t<p style=\"color: #212529; font-family: 'Helvetica Neue', Helvetica, Arial, sans; background-color: #ffffff;\"><span style=\"font-weight: bolder;\">Spendenkonto:<\/span><\/p><p style=\"color: #212529; font-family: 'Helvetica Neue', Helvetica, Arial, sans; background-color: #ffffff;\">Evangelische Bank<br \/>IBAN: DE81 5206 0410 0002 8001 01<br \/>Kontoinhaber: Kirchenkreisamt Kirchhain \u2013 Marburg<br \/>Verwendungszweck: Spende Suchtberatung + Ihre Adresse<\/p>\t\t\t\t\t\t\t\t<\/div>\n\t\t\t\t<\/div>\n\t\t\t\t<\/div>\n\t\t\t\t<\/div>\n\t\t\t\t\t<\/div>\n\t\t\t\t<\/div>\n\t\t\t\t<\/div>\n\t\t","protected":false},"excerpt":{"rendered":"<p>Es gibt viele Menschen und Familien, die unsere Unterst\u00fctzung brauchen, um aus der Sucht herauszufinden. Von der Pr\u00e4vention \u00fcber Beratung bis hin zur Behandlung: Mit Ihrer Spende unterst\u00fctzen Sie direkt unsere Arbeit. Jeder Beitrag hilft, herzlichen Dank! \u00a0 Hier gelangen Sie zu unserem Online-Spendenformular (Bitte unter &#8222;Spendenzweck&#8220; die Sucht- und Drogenberatung ausw\u00e4hlen) Spendenkonto: Evangelische BankIBAN: [&#8230;]<\/p>\n<p><a class=\"btn btn-secondary understrap-read-more-link\" href=\"https:\/\/suchtmr.de\/index.php\/spenden\/\">Weiterlesen\u00a0\u2026<span class=\"screen-reader-text\"> from Spenden<\/span><\/a><\/p>\n","protected":false},"author":3,"featured_media":0,"parent":0,"menu_order":0,"comment_status":"closed","ping_status":"closed","template":"","meta":{"footnotes":""},"class_list":["post-451","page","type-page","status-publish","hentry"],"_links":{"self":[{"href":"https:\/\/suchtmr.de\/index.php\/wp-json\/wp\/v2\/pages\/451","targetHints":{"allow":["GET"]}}],"collection":[{"href":"https:\/\/suchtmr.de\/index.php\/wp-json\/wp\/v2\/pages"}],"about":[{"href":"https:\/\/suchtmr.de\/index.php\/wp-json\/wp\/v2\/types\/page"}],"author":[{"embeddable":true,"href":"https:\/\/suchtmr.de\/index.php\/wp-json\/wp\/v2\/users\/3"}],"replies":[{"embeddable":true,"href":"https:\/\/suchtmr.de\/index.php\/wp-json\/wp\/v2\/comments?post=451"}],"version-history":[{"count":12,"href":"https:\/\/suchtmr.de\/index.php\/wp-json\/wp\/v2\/pages\/451\/revisions"}],"predecessor-version":[{"id":469,"href":"https:\/\/suchtmr.de\/index.php\/wp-json\/wp\/v2\/pages\/451\/revisions\/469"}],"wp:attachment":[{"href":"https:\/\/suchtmr.de\/index.php\/wp-json\/wp\/v2\/media?parent=451"}],"curies":[{"name":"wp","href":"https:\/\/api.w.org\/{rel}","templated":true}]}}