{"id":444,"date":"2025-07-23T11:38:56","date_gmt":"2025-07-23T09:38:56","guid":{"rendered":"https:\/\/suchtmr.de\/?page_id=444"},"modified":"2025-07-23T16:51:24","modified_gmt":"2025-07-23T14:51:24","slug":"was-tun-im-notfall","status":"publish","type":"page","link":"https:\/\/suchtmr.de\/index.php\/was-tun-im-notfall\/","title":{"rendered":"Was tun im Notfall?"},"content":{"rendered":"\t\t<div data-elementor-type=\"wp-page\" data-elementor-id=\"444\" class=\"elementor elementor-444\" data-elementor-post-type=\"page\">\n\t\t\t\t<div class=\"elementor-element elementor-element-24639a8f e-flex e-con-boxed e-con e-parent\" data-id=\"24639a8f\" data-element_type=\"container\" data-e-type=\"container\">\n\t\t\t\t\t<div class=\"e-con-inner\">\n\t\t\t\t<div class=\"elementor-element elementor-element-7a80b64c elementor-widget elementor-widget-text-editor\" data-id=\"7a80b64c\" data-element_type=\"widget\" data-e-type=\"widget\" data-widget_type=\"text-editor.default\">\n\t\t\t\t<div class=\"elementor-widget-container\">\n\t\t\t\t\t\t\t\t\t<h6><\/h6>\n<h5><span style=\"color: #000000;\">In akuten Notf\u00e4llen, in denen eine unmittelbare Gef\u00e4hrdung f\u00fcr Sie oder andere besteht, m\u00f6chten wir Sie bitten, sich unter der <strong>110<\/strong> an den <strong>Polizeinotruf<\/strong> zu wenden.<\/span><\/h5>\n<h5>&nbsp;<\/h5>\n<h5><span style=\"color: #000000;\">Sollten Sie oder andere sich in einer medizinischen Notlage (z.B. eine Alkoholvergiftung) befinden, wenden Sie sich bitte unter der <strong>112<\/strong> direkt an den <strong>Notruf<\/strong>.&nbsp;<\/span><\/h5>\n<p><\/p>\n<h5><span style=\"color: #000000;\">Weitere Anlaufstellen f\u00fcr Erwachsene:&nbsp;&nbsp;<\/span><\/h5>\n<ul>\n<li>\n<h5><a href=\"https:\/\/www.marburg-biedenkopf.de\/vv\/oe\/Dez_LR\/FB53-GSA\/FD53.4\/FD53.4.php\">Sozialpsychiatrischer Dienst Marburg<\/a>&nbsp;<\/h5>\n<h6>Der Sozialpsychiatrische Dienst am Gesundheitsamt Marburg-Biedenkopf bietet ein kostenloses und niedrigschwelliges Beratungs- und Hilfsangebot f\u00fcr Menschen mit psychischen Erkrankungen.<\/h6>\n<\/li>\n<li>\n<h5><a href=\"https:\/\/www.vitos.de\/gesellschaften\/vitos-giessen-marburg\/einrichtungen\/vitos-klinik-fuer-psychiatrie-und-psychotherapie-marburg\">Vitos-Klinik f\u00fcr Psychiatrie und Psychotherapie<\/a><\/h5>\n<h6>Im Falle akuter psychischer Belastungen (Versorgungsgebiet vorwiegend Landkreis)&nbsp;&nbsp;<\/h6>\n<\/li>\n<li>\n<h5><a href=\"https:\/\/www.ukgm.de\/ugm_2\/deu\/umr_psy\/index.html\">Ortenberg-Klinik f\u00fcr Psychiatrie und Psychotherapie<\/a>&nbsp;<\/h5>\n<h6>Im Falle akuter psychischer Belastungen (Versorgungsgebiet vorwiegend Stadt Marburg)<\/h6>\n<\/li>\n<\/ul>\n<div>\n<h5><span style=\"color: #000000;\">Anlaufstellen f\u00fcr Kinder und Jugendliche:<\/span><p><\/p>\n<\/h5>\n<ul>\n<li>\n<h5><a href=\"https:\/\/www.ukgm.de\/ugm_2\/deu\/umr_kjp\/index.html\">Kinder- und Jugendpsychiatrie der Uni-Klinik Marburg<\/a><\/h5>\n<h6>Im Falle akuter psychischer Belastungen (Versorgungsgebiet vorwiegend Stadt Marburg)<\/h6>\n<\/li>\n<li>\n<h5><a href=\"https:\/\/www.vitos.de\/gesellschaften\/vitos-giessen-marburg\/einrichtungen\/vitos-kinder-und-jugendklinik-fuer-psychische-gesundheit-marburg\">Kinder- und Jugendpsychiatrie der Vitos-Klinik in Cappel<\/a><\/h5>\n<h6>Im Falle akuter psychischer Belastungen (Versorgungsgebiet vorwiegend Landkreis)<\/h6>\n<\/li>\n<\/ul>\n<\/div>\n<h6><\/h6>\n<h6>&nbsp;<\/h6>\n<h6><\/h6>\t\t\t\t\t\t\t\t<\/div>\n\t\t\t\t<\/div>\n\t\t\t\t\t<\/div>\n\t\t\t\t<\/div>\n\t\t\t\t<\/div>\n\t\t","protected":false},"excerpt":{"rendered":"<p>In akuten Notf\u00e4llen, in denen eine unmittelbare Gef\u00e4hrdung f\u00fcr Sie oder andere besteht, m\u00f6chten wir Sie bitten, sich unter der 110 an den Polizeinotruf zu wenden. &nbsp; Sollten Sie oder andere sich in einer medizinischen Notlage (z.B. eine Alkoholvergiftung) befinden, wenden Sie sich bitte unter der 112 direkt an den Notruf.&nbsp; Weitere Anlaufstellen f\u00fcr Erwachsene:&nbsp;&nbsp; [&#8230;]<\/p>\n<p><a class=\"btn btn-secondary understrap-read-more-link\" href=\"https:\/\/suchtmr.de\/index.php\/was-tun-im-notfall\/\">Weiterlesen\u00a0\u2026<span class=\"screen-reader-text\"> from Was tun im Notfall?<\/span><\/a><\/p>\n","protected":false},"author":3,"featured_media":0,"parent":0,"menu_order":0,"comment_status":"closed","ping_status":"closed","template":"","meta":{"footnotes":""},"class_list":["post-444","page","type-page","status-publish","hentry"],"_links":{"self":[{"href":"https:\/\/suchtmr.de\/index.php\/wp-json\/wp\/v2\/pages\/444","targetHints":{"allow":["GET"]}}],"collection":[{"href":"https:\/\/suchtmr.de\/index.php\/wp-json\/wp\/v2\/pages"}],"about":[{"href":"https:\/\/suchtmr.de\/index.php\/wp-json\/wp\/v2\/types\/page"}],"author":[{"embeddable":true,"href":"https:\/\/suchtmr.de\/index.php\/wp-json\/wp\/v2\/users\/3"}],"replies":[{"embeddable":true,"href":"https:\/\/suchtmr.de\/index.php\/wp-json\/wp\/v2\/comments?post=444"}],"version-history":[{"count":19,"href":"https:\/\/suchtmr.de\/index.php\/wp-json\/wp\/v2\/pages\/444\/revisions"}],"predecessor-version":[{"id":481,"href":"https:\/\/suchtmr.de\/index.php\/wp-json\/wp\/v2\/pages\/444\/revisions\/481"}],"wp:attachment":[{"href":"https:\/\/suchtmr.de\/index.php\/wp-json\/wp\/v2\/media?parent=444"}],"curies":[{"name":"wp","href":"https:\/\/api.w.org\/{rel}","templated":true}]}}