{"id":42,"date":"2024-02-29T09:24:41","date_gmt":"2024-02-29T08:24:41","guid":{"rendered":"https:\/\/jovial-turing.81-169-251-74.plesk.page\/?page_id=42"},"modified":"2024-02-29T09:29:11","modified_gmt":"2024-02-29T08:29:11","slug":"downloadbereich","status":"publish","type":"page","link":"https:\/\/suchtmr.de\/index.php\/downloadbereich\/","title":{"rendered":"Downloadbereich"},"content":{"rendered":"\n<figure class=\"wp-block-image size-full float-start p-3\"><img decoding=\"async\" width=\"80\" height=\"80\" src=\"https:\/\/suchtmr.de\/wp-content\/uploads\/2024\/02\/Downloadsymbol.png\" alt=\"\" class=\"wp-image-43\"\/><\/figure>\n\n\n\n<p>Hier k\u00f6nnen Sie unsere Anmeldeformulare downloaden. Die Anmeldeformulare bekommt jeder Besucher bei seinem ersten Termin von uns pers\u00f6nlich ausgeh\u00e4ndigt. Da die Zeit zum Ausf\u00fcllen von der geplanten Zeit Ihrer Beratung abgeht, k\u00f6nnen Sie die Dokumente zum Termin&nbsp;auch gerne ausgef\u00fcllt mitbringen.<br><br>Sollte es sich um eine Telefonberatung handeln, haben Sie&nbsp;hiermit die M\u00f6glichkeit die Anmeldeformulare in Ruhe durchzulesen. Das ausgef\u00fcllte Dokument k\u00f6nnen Sie uns anschlie\u00dfend an die <strong>Sucht- und Drogenberatungsstelle Marburg, Frankfurter Str. 35, 35039 Marburg<\/strong> zukommen lassen.<br>F\u00fcr R\u00fcckfragen hierzu stehen wir Ihnen nat\u00fcrlich gerne zur Verf\u00fcgung.<\/p>\n\n\n\n<p>Das zweite Dokument richtet sich an Gruppenteilnehmer, die bereits f\u00fcr ein videobasiertes Gruppenangebot angemeldet sind.<\/p>\n\n\n\n<h3 class=\"wp-block-heading\">Unterlagen um sich bei uns f\u00fcr eine Beratung anzumelden:<\/h3>\n\n\n\n<ul class=\"wp-block-list\">\n<li><a href=\"https:\/\/suchtmr.de\/wp-content\/uploads\/2024\/02\/Anmeldebogen_und_Datenschutzrechtliche_Einwilligung.pdf\" data-type=\"attachment\" data-id=\"51\" target=\"_blank\" rel=\"noreferrer noopener\">Anmeldebogen und Datenschutzrechtliche Einwilligung.pdf<\/a><\/li>\n<\/ul>\n\n\n\n<h3 class=\"wp-block-heading\">Nutzungs- und Einverst\u00e4ndniserkl\u00e4rung f\u00fcr Online-Gruppenangebote:<\/h3>\n\n\n\n<ul class=\"wp-block-list\">\n<li><a href=\"https:\/\/suchtmr.de\/wp-content\/uploads\/2024\/02\/Nutzungs-_und_Einverstaendniserklaerung.pdf\" data-type=\"attachment\" data-id=\"50\" target=\"_blank\" rel=\"noreferrer noopener\">Nutzungs- und Einverstaendniserklaerung.pdf<\/a><\/li>\n<\/ul>\n","protected":false},"excerpt":{"rendered":"<p>Hier k\u00f6nnen Sie unsere Anmeldeformulare downloaden. Die Anmeldeformulare bekommt jeder Besucher bei seinem ersten Termin von uns pers\u00f6nlich ausgeh\u00e4ndigt. Da die Zeit zum Ausf\u00fcllen von der geplanten Zeit Ihrer Beratung abgeht, k\u00f6nnen Sie die Dokumente zum Termin&nbsp;auch gerne ausgef\u00fcllt mitbringen. Sollte es sich um eine Telefonberatung handeln, haben Sie&nbsp;hiermit die M\u00f6glichkeit die Anmeldeformulare in Ruhe [&#8230;]<\/p>\n<p><a class=\"btn btn-secondary understrap-read-more-link\" href=\"https:\/\/suchtmr.de\/index.php\/downloadbereich\/\">Weiterlesen\u00a0\u2026<span class=\"screen-reader-text\"> from Downloadbereich<\/span><\/a><\/p>\n","protected":false},"author":1,"featured_media":0,"parent":0,"menu_order":0,"comment_status":"closed","ping_status":"closed","template":"","meta":{"footnotes":""},"class_list":["post-42","page","type-page","status-publish","hentry"],"_links":{"self":[{"href":"https:\/\/suchtmr.de\/index.php\/wp-json\/wp\/v2\/pages\/42","targetHints":{"allow":["GET"]}}],"collection":[{"href":"https:\/\/suchtmr.de\/index.php\/wp-json\/wp\/v2\/pages"}],"about":[{"href":"https:\/\/suchtmr.de\/index.php\/wp-json\/wp\/v2\/types\/page"}],"author":[{"embeddable":true,"href":"https:\/\/suchtmr.de\/index.php\/wp-json\/wp\/v2\/users\/1"}],"replies":[{"embeddable":true,"href":"https:\/\/suchtmr.de\/index.php\/wp-json\/wp\/v2\/comments?post=42"}],"version-history":[{"count":3,"href":"https:\/\/suchtmr.de\/index.php\/wp-json\/wp\/v2\/pages\/42\/revisions"}],"predecessor-version":[{"id":52,"href":"https:\/\/suchtmr.de\/index.php\/wp-json\/wp\/v2\/pages\/42\/revisions\/52"}],"wp:attachment":[{"href":"https:\/\/suchtmr.de\/index.php\/wp-json\/wp\/v2\/media?parent=42"}],"curies":[{"name":"wp","href":"https:\/\/api.w.org\/{rel}","templated":true}]}}