{"id":39,"date":"2024-02-29T09:22:25","date_gmt":"2024-02-29T08:22:25","guid":{"rendered":"https:\/\/jovial-turing.81-169-251-74.plesk.page\/?page_id=39"},"modified":"2025-08-21T12:45:54","modified_gmt":"2025-08-21T10:45:54","slug":"praktikum-in-der-sucht-und-drogenberatung","status":"publish","type":"page","link":"https:\/\/suchtmr.de\/index.php\/praktikum-in-der-sucht-und-drogenberatung\/","title":{"rendered":"Praktikum in der Sucht- und Drogenberatung"},"content":{"rendered":"\n<h3 class=\"wp-block-heading\">Inhalt und Struktur<\/h3>\n\n\n\n<p>Praktika sind bei uns an den Standorten Marburg und Stadtallendorf m\u00f6glich. Sie erhalten Einblicke in unsere verschiedenen Arbeitsbereiche und haben neben anderen T\u00e4tigkeiten die M\u00f6glichkeit zur Hospitation in Beratungsgespr\u00e4chen.&nbsp;<br>Zur Reflektion gewonnener Eindr\u00fccke und zur organisatorischen Absprache steht Ihnen ein Kollege\/ eine Kollegin in der Funktion einer Praktikumsbegleitung zur Seite.<\/p>\n\n\n\n<h3 class=\"wp-block-heading\">Umfang<\/h3>\n\n\n\n<p>Erfahrungsgem\u00e4\u00df hat sich eine Praktikumsdauer von 8 bis 10 Wochen mit 15 bis 20 Wochenstunden bei einem Gesamtumfang von 150 Stunden als sinnvoll erwiesen. Individuelle Rahmenbedingungen sind allerdings nach Absprache immer m\u00f6glich.<\/p>\n\n\n\n<h3 class=\"wp-block-heading\">Wer kann sich bewerben?<\/h3>\n\n\n\n<p>Studenten aus einschl\u00e4gigen Fachbereichen wie Soziale Arbeit, Sozialp\u00e4dagogik und&nbsp;Erziehungswissenschaften (in Einzelf\u00e4llen auch&nbsp;Psychologie).<\/p>\n\n\n\n<h3 class=\"wp-block-heading\">Ansprechpartner<\/h3>\n\n\n\n<p>Initiativbewerbungen k\u00f6nnen hier eingereicht werden:<br><a href=\"mailto:marburg.suchtdwmb@ekkw.de\"><strong><a href=\"mailto:marburg.suchtdwmb@ekkw.de\">marburg.suchtdwmb(at)ekkw.de<\/a><\/strong><\/a><\/p>\n\n\n\n<p>Bitte schicken Sie Ihre Bewerbung nach M\u00f6glichkeit&nbsp;zusammengefasst im&nbsp;pdf Format.<\/p>\n\n\n\n<h5 class=\"wp-block-heading\" style=\"font-size:10px\">\u00a9 Elena Volkova\/ 123rf.com<\/h5>\n\n\n\n<figure class=\"wp-block-image size-full\"><img fetchpriority=\"high\" decoding=\"async\" width=\"320\" height=\"239\" src=\"https:\/\/suchtmr.de\/wp-content\/uploads\/2024\/02\/Praktikum_Wordcloud_320px.jpg\" alt=\"\" class=\"wp-image-40\" title=\"\u00a9 Elena Volkova\/ 123rf.com\" srcset=\"https:\/\/suchtmr.de\/wp-content\/uploads\/2024\/02\/Praktikum_Wordcloud_320px.jpg 320w, https:\/\/suchtmr.de\/wp-content\/uploads\/2024\/02\/Praktikum_Wordcloud_320px-300x224.jpg 300w\" sizes=\"(max-width: 320px) 100vw, 320px\" \/><\/figure>\n","protected":false},"excerpt":{"rendered":"<p>Inhalt und Struktur Praktika sind bei uns an den Standorten Marburg und Stadtallendorf m\u00f6glich. Sie erhalten Einblicke in unsere verschiedenen Arbeitsbereiche und haben neben anderen T\u00e4tigkeiten die M\u00f6glichkeit zur Hospitation in Beratungsgespr\u00e4chen.&nbsp;Zur Reflektion gewonnener Eindr\u00fccke und zur organisatorischen Absprache steht Ihnen ein Kollege\/ eine Kollegin in der Funktion einer Praktikumsbegleitung zur Seite. Umfang Erfahrungsgem\u00e4\u00df hat [&#8230;]<\/p>\n<p><a class=\"btn btn-secondary understrap-read-more-link\" href=\"https:\/\/suchtmr.de\/index.php\/praktikum-in-der-sucht-und-drogenberatung\/\">Weiterlesen\u00a0\u2026<span class=\"screen-reader-text\"> from Praktikum in der Sucht- und Drogenberatung<\/span><\/a><\/p>\n","protected":false},"author":1,"featured_media":0,"parent":0,"menu_order":0,"comment_status":"closed","ping_status":"closed","template":"","meta":{"footnotes":""},"class_list":["post-39","page","type-page","status-publish","hentry"],"_links":{"self":[{"href":"https:\/\/suchtmr.de\/index.php\/wp-json\/wp\/v2\/pages\/39","targetHints":{"allow":["GET"]}}],"collection":[{"href":"https:\/\/suchtmr.de\/index.php\/wp-json\/wp\/v2\/pages"}],"about":[{"href":"https:\/\/suchtmr.de\/index.php\/wp-json\/wp\/v2\/types\/page"}],"author":[{"embeddable":true,"href":"https:\/\/suchtmr.de\/index.php\/wp-json\/wp\/v2\/users\/1"}],"replies":[{"embeddable":true,"href":"https:\/\/suchtmr.de\/index.php\/wp-json\/wp\/v2\/comments?post=39"}],"version-history":[{"count":6,"href":"https:\/\/suchtmr.de\/index.php\/wp-json\/wp\/v2\/pages\/39\/revisions"}],"predecessor-version":[{"id":515,"href":"https:\/\/suchtmr.de\/index.php\/wp-json\/wp\/v2\/pages\/39\/revisions\/515"}],"wp:attachment":[{"href":"https:\/\/suchtmr.de\/index.php\/wp-json\/wp\/v2\/media?parent=39"}],"curies":[{"name":"wp","href":"https:\/\/api.w.org\/{rel}","templated":true}]}}