{"id":36,"date":"2024-02-29T09:20:34","date_gmt":"2024-02-29T08:20:34","guid":{"rendered":"https:\/\/jovial-turing.81-169-251-74.plesk.page\/?page_id=36"},"modified":"2024-02-29T10:19:05","modified_gmt":"2024-02-29T09:19:05","slug":"wie-wir-arbeiten","status":"publish","type":"page","link":"https:\/\/suchtmr.de\/index.php\/wie-wir-arbeiten\/","title":{"rendered":"Wie wir arbeiten"},"content":{"rendered":"\n<p><strong>Einzelgespr\u00e4che<\/strong>:<br>In pers\u00f6nlichen und vertraulichen Gespr\u00e4chen st\u00e4rken wir Sie in Ihren Ver\u00e4nderungszielen. Wir zeigen Ihnen Wege auf, die dabei helfen, den Teufelskreis der Suchterkrankung oder des problematischen Suchtmittelkonsums zu unterbrechen. Wir begleiten Sie l\u00e4ngerfristig, wenn Sie auf ambulantem Wege&nbsp;Ihr&nbsp; Suchtproblem bew\u00e4ltigen wollen.<\/p>\n\n\n\n<p><strong>Angeh\u00f6rigenberatung:<br><\/strong>Familienangeh\u00f6rige leiden enorm unter&nbsp;den Suchtmittelproblemen&nbsp;eines Familienmitgliedes. Oft ist der Betroffene nicht einsichtig und nicht \u00e4nderungsbereit. In dieser Situation bieten wir spezielle Beratungsgespr\u00e4che f\u00fcr Angeh\u00f6rige an, um zu sondieren, wie Sie sich m\u00f6glichst vor weiterem Schaden sch\u00fctzen k\u00f6nnen und wie Sie die \u00c4nderungsbereitschaft des betroffenen Familienmitgliedes st\u00e4rken k\u00f6nnen.<\/p>\n\n\n\n<p><strong>Paargespr\u00e4che<\/strong>:<br>Eine bestehende Partnerschaft ist meist durch&nbsp;Suchtmittelprobleme sehr belastet. Wir bieten Ihnen Paargespr\u00e4che an und helfen bei der Kl\u00e4rung der Beziehungssituation.<\/p>\n\n\n\n<h5 class=\"wp-block-heading\">\u00a9 DWMB<\/h5>\n\n\n\n<figure class=\"wp-block-image size-full\"><img fetchpriority=\"high\" decoding=\"async\" width=\"400\" height=\"190\" src=\"https:\/\/suchtmr.de\/wp-content\/uploads\/2024\/02\/Foto_Beratungssetting.jpg\" alt=\"\" class=\"wp-image-37\" srcset=\"https:\/\/suchtmr.de\/wp-content\/uploads\/2024\/02\/Foto_Beratungssetting.jpg 400w, https:\/\/suchtmr.de\/wp-content\/uploads\/2024\/02\/Foto_Beratungssetting-300x143.jpg 300w\" sizes=\"(max-width: 400px) 100vw, 400px\" \/><\/figure>\n\n\n\n<p><strong>Unser Gruppenangebot im \u00dcberblick:<\/strong><\/p>\n\n\n\n<blockquote class=\"wp-block-quote is-layout-flow wp-block-quote-is-layout-flow\">\n<ul class=\"wp-block-list\">\n<li><a href=\"https:\/\/suchtmr.de\/index.php\/mpu-beratung\/\" data-type=\"page\" data-id=\"96\">MPU-Vorbereitungskurs<\/a><\/li>\n\n\n\n<li><a href=\"https:\/\/suchtmr.de\/index.php\/ambulante-behandlung-nachsorge-und-poststationaere-weiterbehandlung\/\" data-type=\"page\" data-id=\"71\">Nachsorge nach station\u00e4rer Therapie<\/a><\/li>\n\n\n\n<li><a href=\"https:\/\/suchtmr.de\/index.php\/ambulante-behandlung-nachsorge-und-poststationaere-weiterbehandlung\/\" data-type=\"page\" data-id=\"71\">poststation\u00e4re Weiterbehandlung<\/a><\/li>\n\n\n\n<li><a href=\"https:\/\/suchtmr.de\/index.php\/ambulante-behandlung-ambulante-rehabilitation\/\" data-type=\"page\" data-id=\"69\">ambulante Rehabilitation<\/a><\/li>\n\n\n\n<li><a href=\"https:\/\/suchtmr.de\/index.php\/infogruppe\/\" data-type=\"page\" data-id=\"108\">Informationsgruppe<\/a><\/li>\n\n\n\n<li><a href=\"https:\/\/suchtmr.de\/index.php\/gluecksspielgruppe-in-marburg\/\" data-type=\"page\" data-id=\"130\">Gl\u00fccksspielergruppe<\/a>\u00a0<\/li>\n\n\n\n<li><a href=\"https:\/\/suchtmr.de\/index.php\/angehoerigengruppe\/\" data-type=\"page\" data-id=\"111\">Angeh\u00f6rigengruppe<\/a><\/li>\n\n\n\n<li><a href=\"https:\/\/suchtmr.de\/index.php\/selbsthilfegruppen\/\" data-type=\"page\" data-id=\"103\">Selbsthilfegruppen<\/a><\/li>\n<\/ul>\n<\/blockquote>\n\n\n\n<p><strong>Vermittlung in station\u00e4re Behandlung<\/strong>:<br>Ist die Abh\u00e4ngigkeit von Suchtmitteln, Gl\u00fccksspiel oder digitalen Medien schon fortgeschritten, bieten wir Ihnen die Vermittlung in eine geeignete Fachklinik zur station\u00e4ren Therapie an. Wir&nbsp;sind Ihnen bei der Beantragung behilflich und bereiten Sie&nbsp;in mehreren Gespr\u00e4chen&nbsp;bestm\u00f6glich auf Ihre Therapie vor. &nbsp;<\/p>\n\n\n\n<p><strong>\u00dcberblick \u00fcber station\u00e4re Einrichtungen:&nbsp;<br><\/strong>Entgiftung, \u00dcbergangseinrichtung, Fachklinik oder betreutes Wohnen? Das Angebot der station\u00e4ren Suchthilfe ist breit gef\u00e4chert und manchmal nur schwer zu \u00fcberblicken. Steht der Entschluss f\u00fcr eine station\u00e4re Behandlung fest, geben wir Ihnen einen \u00dcberblick \u00fcber&nbsp;m\u00f6gliche Einrichtungen und \u00fcberlegen mit Ihnen zusammen, welche f\u00fcr Sie die passendste w\u00e4re.<\/p>\n","protected":false},"excerpt":{"rendered":"<p>Einzelgespr\u00e4che:In pers\u00f6nlichen und vertraulichen Gespr\u00e4chen st\u00e4rken wir Sie in Ihren Ver\u00e4nderungszielen. Wir zeigen Ihnen Wege auf, die dabei helfen, den Teufelskreis der Suchterkrankung oder des problematischen Suchtmittelkonsums zu unterbrechen. Wir begleiten Sie l\u00e4ngerfristig, wenn Sie auf ambulantem Wege&nbsp;Ihr&nbsp; Suchtproblem bew\u00e4ltigen wollen. Angeh\u00f6rigenberatung:Familienangeh\u00f6rige leiden enorm unter&nbsp;den Suchtmittelproblemen&nbsp;eines Familienmitgliedes. Oft ist der Betroffene nicht einsichtig und nicht [&#8230;]<\/p>\n<p><a class=\"btn btn-secondary understrap-read-more-link\" href=\"https:\/\/suchtmr.de\/index.php\/wie-wir-arbeiten\/\">Weiterlesen\u00a0\u2026<span class=\"screen-reader-text\"> from Wie wir arbeiten<\/span><\/a><\/p>\n","protected":false},"author":1,"featured_media":0,"parent":0,"menu_order":0,"comment_status":"closed","ping_status":"closed","template":"","meta":{"footnotes":""},"class_list":["post-36","page","type-page","status-publish","hentry"],"_links":{"self":[{"href":"https:\/\/suchtmr.de\/index.php\/wp-json\/wp\/v2\/pages\/36","targetHints":{"allow":["GET"]}}],"collection":[{"href":"https:\/\/suchtmr.de\/index.php\/wp-json\/wp\/v2\/pages"}],"about":[{"href":"https:\/\/suchtmr.de\/index.php\/wp-json\/wp\/v2\/types\/page"}],"author":[{"embeddable":true,"href":"https:\/\/suchtmr.de\/index.php\/wp-json\/wp\/v2\/users\/1"}],"replies":[{"embeddable":true,"href":"https:\/\/suchtmr.de\/index.php\/wp-json\/wp\/v2\/comments?post=36"}],"version-history":[{"count":3,"href":"https:\/\/suchtmr.de\/index.php\/wp-json\/wp\/v2\/pages\/36\/revisions"}],"predecessor-version":[{"id":133,"href":"https:\/\/suchtmr.de\/index.php\/wp-json\/wp\/v2\/pages\/36\/revisions\/133"}],"wp:attachment":[{"href":"https:\/\/suchtmr.de\/index.php\/wp-json\/wp\/v2\/media?parent=36"}],"curies":[{"name":"wp","href":"https:\/\/api.w.org\/{rel}","templated":true}]}}