{"id":3,"date":"2023-11-22T09:27:17","date_gmt":"2023-11-22T09:27:17","guid":{"rendered":"https:\/\/jovial-turing.81-169-251-74.plesk.page\/?page_id=3"},"modified":"2023-11-22T11:05:23","modified_gmt":"2023-11-22T10:05:23","slug":"privacy-policy","status":"publish","type":"page","link":"https:\/\/suchtmr.de\/index.php\/privacy-policy\/","title":{"rendered":"Erkl\u00e4rung zum Datenschutz"},"content":{"rendered":"\n<h2 class=\"wp-block-heading\">1. Allgemeines<\/h2>\n\n\n\n<p>F\u00fcr das Diakonische Werk Marburg-Biedenkopf ist der Schutz Ihrer im Rahmen der Nutzung unserer Webangebote bereitgestellten personenbezogenen Daten ein wichtiges Anliegen. Deshalb m\u00f6chten wir Sie hier informieren, welche Daten wir gegebenenfalls sammeln und wie wir damit umgehen. Rechtsgrundlage ist f\u00fcr uns das Datenschutzgesetz der Evangelischen Kirche in Deutschland sowie die einschl\u00e4gigen Bestimmungen f\u00fcr das Anbieten von Telediensten und Betreiben von Internetauftritten.<\/p>\n\n\n\n<h2 class=\"wp-block-heading\">2. Personenbezogene Daten<\/h2>\n\n\n\n<p>Die von Ihnen zur Verf\u00fcgung gestellten personenbezogenen Daten verwenden wir im Allgemeinen, um Ihre Anfragen zu beantworten oder Ihnen Zugang zu bestimmten Informationen oder Angeboten zu verschaffen. Dar\u00fcber hinaus verwenden wir Ihre Daten nur, soweit Sie hierzu ausdr\u00fccklich eingewilligt haben. Ihre Daten werden nicht an Dritte weitergegeben oder sonst kommerziell verwendet. Falls sich aus Ihrer Anfrage die Notwendigkeit ergibt, leiten wir Ihre Daten an die zust\u00e4ndige Stelle im Landes- oder Fachverband weiter. Sofern innerhalb des Internetangebotes die M\u00f6glichkeit zur Eingabe pers\u00f6nlicher oder gesch\u00e4ftlicher Daten (zum Beispiel im Rahmen einer pers\u00f6nlichen Registrierung, Bestellung, Anforderung oder Mitteilung) besteht, so erfolgt die Angabe dieser Daten seitens des Besuchers auf ausdr\u00fccklich freiwilliger Basis.<\/p>\n\n\n\n<h2 class=\"wp-block-heading\">3. Erhebung, Verarbeitung und Nutzung der Daten<\/h2>\n\n\n\n<ul class=\"wp-block-list\">\n<li>f\u00fcr einen weiteren Zweck erfolgt, der in direktem Zusammenhang mit dem urspr\u00fcnglichen Zweck steht, zu dem die personenbezogenen Daten erhoben wurden,<\/li>\n\n\n\n<li>f\u00fcr die Vorbereitung, Verhandlung und Erf\u00fcllung eines Vertrages mit Ihnen erforderlich ist,<\/li>\n\n\n\n<li>aufgrund rechtlicher Verpflichtung oder beh\u00f6rdlicher oder gerichtlicher Anordnung erforderlich ist,<\/li>\n\n\n\n<li>zur Begr\u00fcndung oder zum Schutz rechtlicher Anspr\u00fcche oder zur Abwehr von Klagen erforderlich ist,<\/li>\n\n\n\n<li>der Verhinderung von Missbrauch oder sonstiger ungesetzlicher Aktivit\u00e4ten dient, z. B. vors\u00e4tzlicher Angriffe auf unsere Systeme.<\/li>\n<\/ul>\n\n\n\n<h2 class=\"wp-block-heading\">4. Protokollierung<\/h2>\n\n\n\n<p>Wenn Sie auf unsere Websites zugreifen, werden kommunikationsbezogene Angaben (z. B. Internet-Protokoll-Adresse) bzw. nutzungsbezogene Angaben (z.B. Angaben zu Nutzungsbeginn und -dauer sowie zu den von Ihnen genutzten Telekommunikationsdiensten) mit technischen Mitteln automatisch erzeugt. Diese k\u00f6nnen eventuell R\u00fcckschl\u00fcsse auf personenbezogene Daten zulassen.<br>Des Weiteren werden Informationen gesammelt, die nicht einer bestimmten Person zuzuordnen sind (z.B. verwendeter Internet-Browser; Betriebssystem; Domain-Name der Website, von der Sie kamen; Anzahl der Besuche; durchschnittliche Verweildauer; aufgerufene Seiten). Wir verwenden eventuell diese Informationen, um die Attraktivit\u00e4t unserer Websites zu ermitteln und deren Leistungsf\u00e4higkeit und Inhalte zu verbessern.<\/p>\n\n\n\n<h2 class=\"wp-block-heading\">5. Aktive Komponenten (z.B. Cookies, Javascript etc.)<\/h2>\n\n\n\n<p>Wenn Sie eine unserer Websites besuchen, kann es sein, dass wir Informationen in Form eines \u201eCookie\u201c auf Ihrem Computer ablegen. Cookies erlauben es uns beispielsweise, eine Website Ihren Interessen anzupassen oder Ihr Kennwort zu speichern, damit Sie es nicht jedes Mal neu eingeben m\u00fcssen. Da aus einem Cookie nicht ohne weiteres eine nat\u00fcrliche Person individualisiert werden kann, ist ihre Verwendung zul\u00e4ssig.<br>Wenn Sie nicht m\u00f6chten, dass wir Ihren Computer wiedererkennen, stellen Sie Ihren Internet-Browser bitte so ein, dass er Cookies von Ihrem Computer l\u00f6scht, alle Cookies blockiert oder Sie warnt, bevor ein Cookie gespeichert wird.<\/p>\n\n\n\n<h2 class=\"wp-block-heading\">6. Sicherheit<\/h2>\n\n\n\n<p>Wir setzen technische und organisatorische Sicherheitsma\u00dfnahmen ein, um Ihre zur Verf\u00fcgung gestellten Daten durch zuf\u00e4llige oder vors\u00e4tzliche Manipulationen, Verlust, Zerst\u00f6rung oder vor dem Zugriff durch unberechtigte Personen zu sch\u00fctzen. Dabei setzen wir auf Standards und verbessern unsere Ma\u00dfnahmen entsprechend dem technologischen Fortschritt.<br><br>Wie Sie vielleicht gemerkt haben, werden unsere Websites \u00fcber ein sicheres Hypertext-\u00dcbertragungsprotokoll <strong>\u201eHTTPS\u201c<\/strong> abgerufen. Somit werden, dank dieser Technologie der Verschl\u00fcsselung und Authentifizierung, die Daten \u00fcber unsere Domain abh\u00f6rsicher \u00fcbertragen.<\/p>\n\n\n\n<p>Dennoch weisen wir daraufhin, dass Daten bei ihrer \u00dcbertragung im Internet nach dem derzeitigen Stand der Technik nicht umfassend gesch\u00fctzt werden k\u00f6nnen.<\/p>\n\n\n\n<h2 class=\"wp-block-heading\">7. Widerspruchsrecht<\/h2>\n\n\n\n<p>Selbstverst\u00e4ndlich informieren wir Sie gerne \u00fcber die Verwendung Ihrer uns \u00fcberlassenen pers\u00f6nlichen Daten. Sie k\u00f6nnen nach dem Datenschutzgesetz der EKD als Betroffener der Verarbeitung und Nutzung Ihrer Daten jederzeit widersprechen. Daf\u00fcr reicht eine entsprechende Mitteilung an das im <a href=\"https:\/\/dw-marburg-biedenkopf.de\/index.php?id=56\">Impressum<\/a> genannte Diakonische Werk Marburg-Biedenkopf. Wenn Sie es w\u00fcnschen, werden wir Ihre Daten nicht f\u00fcr eine weitere Kontaktaufnahme verwenden und sie l\u00f6schen.<\/p>\n\n\n\n<h2 class=\"wp-block-heading\">8. E-Mail-Sicherheit<\/h2>\n\n\n\n<p>Wenn Sie uns eine E-Mail senden, so wird Ihre E-Mail-Adresse nur f\u00fcr die Korrespondenz mit Ihnen verwendet. E-Mail-Adressen, die Sie uns im Rahmen einer Newsletter-Bestellung \u00fcbermitteln, werden ausschlie\u00dflich f\u00fcr diesen Zweck eingesetzt. Ein Verschl\u00fcsselungsverfahren wird zur Zeit noch nicht eingesetzt.<\/p>\n\n\n\n<h2 class=\"wp-block-heading\">9. Datenschutzbeauftragter<\/h2>\n\n\n\n<p>F\u00fcr Fragen zum Datenschutz k\u00f6nnen Sie sich an unsere Betriebsbeauftragte f\u00fcr Datenschutz wenden:<\/p>\n\n\n\n<p>Heiko Lauer, Tel.: (0561) 9378301 oder Mail: <a href=\"mailto:heiko.lauer@ekkw.de\">heiko.lauer(at)ekkw.de<\/a> oder <a href=\"mailto:Datenschutz@ekkw.de\">Datenschutz(at)ekkw.de<\/a><\/p>\n","protected":false},"excerpt":{"rendered":"<p>1. Allgemeines F\u00fcr das Diakonische Werk Marburg-Biedenkopf ist der Schutz Ihrer im Rahmen der Nutzung unserer Webangebote bereitgestellten personenbezogenen Daten ein wichtiges Anliegen. Deshalb m\u00f6chten wir Sie hier informieren, welche Daten wir gegebenenfalls sammeln und wie wir damit umgehen. Rechtsgrundlage ist f\u00fcr uns das Datenschutzgesetz der Evangelischen Kirche in Deutschland sowie die einschl\u00e4gigen Bestimmungen f\u00fcr [&#8230;]<\/p>\n<p><a class=\"btn btn-secondary understrap-read-more-link\" href=\"https:\/\/suchtmr.de\/index.php\/privacy-policy\/\">Weiterlesen\u00a0\u2026<span class=\"screen-reader-text\"> from Erkl\u00e4rung zum Datenschutz<\/span><\/a><\/p>\n","protected":false},"author":1,"featured_media":0,"parent":0,"menu_order":0,"comment_status":"closed","ping_status":"open","template":"","meta":{"footnotes":""},"class_list":["post-3","page","type-page","status-publish","hentry"],"_links":{"self":[{"href":"https:\/\/suchtmr.de\/index.php\/wp-json\/wp\/v2\/pages\/3","targetHints":{"allow":["GET"]}}],"collection":[{"href":"https:\/\/suchtmr.de\/index.php\/wp-json\/wp\/v2\/pages"}],"about":[{"href":"https:\/\/suchtmr.de\/index.php\/wp-json\/wp\/v2\/types\/page"}],"author":[{"embeddable":true,"href":"https:\/\/suchtmr.de\/index.php\/wp-json\/wp\/v2\/users\/1"}],"replies":[{"embeddable":true,"href":"https:\/\/suchtmr.de\/index.php\/wp-json\/wp\/v2\/comments?post=3"}],"version-history":[{"count":1,"href":"https:\/\/suchtmr.de\/index.php\/wp-json\/wp\/v2\/pages\/3\/revisions"}],"predecessor-version":[{"id":8,"href":"https:\/\/suchtmr.de\/index.php\/wp-json\/wp\/v2\/pages\/3\/revisions\/8"}],"wp:attachment":[{"href":"https:\/\/suchtmr.de\/index.php\/wp-json\/wp\/v2\/media?parent=3"}],"curies":[{"name":"wp","href":"https:\/\/api.w.org\/{rel}","templated":true}]}}