{"id":147,"date":"2024-03-05T15:08:41","date_gmt":"2024-03-05T14:08:41","guid":{"rendered":"https:\/\/jovial-turing.81-169-251-74.plesk.page\/?page_id=147"},"modified":"2026-02-11T18:02:45","modified_gmt":"2026-02-11T17:02:45","slug":"aussenstelle-stadt-allendorf","status":"publish","type":"page","link":"https:\/\/suchtmr.de\/index.php\/kontakt\/aussenstelle-stadt-allendorf\/","title":{"rendered":"Au\u00dfenstelle Stadtallendorf"},"content":{"rendered":"\n<p><strong>Sucht- und Drogenberatung<br><\/strong>mit <a href=\"https:\/\/suchtmr.de\/index.php?id=59&amp;L=716\">Betreutem Wohnen<\/a> und <a href=\"https:\/\/suchtmr.de\/index.php?id=60&amp;L=716\">Fachstelle f\u00fcr Suchtpr\u00e4vention<\/a><br><strong>Am Bahnhof 10<br>35260 Stadtallendorf<\/strong><\/p>\n\n\n\n<p><strong>Tel.: &nbsp;&nbsp; 0 64 28 &#8211; 73 33<\/strong>&nbsp;&nbsp; (<a href=\"https:\/\/suchtmr.de\/index.php\/kontakt\/\">Telefonsprechzeiten<\/a>)<br><strong>Fax:&nbsp;&nbsp;&nbsp; 0 64 28 &#8211; 40 180<\/strong><br><strong>Mail:&nbsp;&nbsp; <\/strong><a href=\"mailto:stadtallendorf.suchtdwmb@ekkw.de\"><strong>stadtallendorf.suchtdwmb(at)ekkw.de<\/strong><\/a><\/p>\n\n\n\n<p><strong>Mailadresse unserer<\/strong> <strong>Fachstelle f\u00fcr Suchtpr\u00e4vention f\u00fcr den Landkreis Marburg-Biedenkopf<\/strong>:<br><a href=\"mailto:fspmarburgbiedenkopf@ekkw.de\"><strong>fspmarburgbiedenkopf(at)ekkw.de<\/strong><\/a><\/p>\n\n\n\n<h3 class=\"wp-block-heading\">Ihr Weg zu uns:<\/h3>\n\n\n\n<p>Unsere Beratungsstelle befindet sich in der Stra\u00dfe, die vom Bahnhof zum Rathaus f\u00fchrt. Vorne im Haus befinden sich Ladenlokale, der Eingang zur Beratungsstelle befindet sich auf der R\u00fcckseite des Geb\u00e4udes.\u00a0\u00a0\u00a0<\/p>\n\n\n\n<div id=\"lmb_6a044f21196f0\" class=\"map_block_leaflet\" style=\"height: 220px\"><\/div>\n<script>\n\t( function(){\n\t\tfunction is_loading() {\n\t\t\treturn document.body.classList.contains(\"loading\");\n\t\t}\n\t\t\n\t\tfunction initilize() {\n\t\t\tconst map = L.map(\"lmb_6a044f21196f0\").setView([\"50.82605875\", \"9.0171225911595\"], \"15\");\n\t\n\t\t\tL.tileLayer(\"https:\/\/{s}.basemaps.cartocdn.com\/rastertiles\/voyager\/{z}\/{x}\/{y}{r}.png\", {\n\t\t\t\tattribution: '&copy; <a href=\"http: \/\/www.openstreetmap.org\/copyright\">OpenStreetMap<\/a> &copy; <a href=\"https:\/\/carto.com\/attribution\">CARTO<\/a>'\n\t\t\t}).addTo(map);\n\t\n\t\t\t\t\tmap.scrollWheelZoom.disable();\n\t\t\n\t\t\t\t\tconst icon = new L.Icon.Default();\n\t\t\n\t\t\t\t\tL.marker([\"50.82605875\", \"9.0171225911595\"], { icon: icon}).addTo(map);\n\t\t\n\t\t\tconst timer = 100;\n\t\t\tfunction checkRender() {\n\t\t\t\tif( is_loading()) {\n\t\t\t\t\tsetTimeout(function(){\n\t\t\t\t\t\tcheckRender();\n\t\t\t\t\t}, timer);\n\t\t\t\t} else {\n\t\t\t\t\tmap.invalidateSize(true);\n\t\t\t\t}\n\t\t\t}\n\n\t\t\tconst container = document.getElementById(\"lmb_6a044f21196f0\");\n\t\t\tconst observer = ResizeObserver && new ResizeObserver(function() {\n\t\t\t\tmap.invalidateSize(true);\n\t\t\t});\n\n\t\t\tobserver && observer.observe(container);\n\t\t}\n\n\t\tdocument.addEventListener(\"DOMContentLoaded\", initilize);\n\t} )();\n<\/script>\n\n\n<h2 class=\"wp-block-heading\">Schreiben Sie uns eine Nachricht<\/h2>\n\n\n\n<div class=\"wpcf7 no-js\" id=\"wpcf7-f33-o1\" lang=\"de-DE\" dir=\"ltr\" data-wpcf7-id=\"33\">\n<div class=\"screen-reader-response\"><p role=\"status\" aria-live=\"polite\" aria-atomic=\"true\"><\/p> <ul><\/ul><\/div>\n<form action=\"\/index.php\/wp-json\/wp\/v2\/pages\/147#wpcf7-f33-o1\" method=\"post\" class=\"wpcf7-form init\" aria-label=\"Kontaktformular\" novalidate=\"novalidate\" data-status=\"init\">\n<fieldset class=\"hidden-fields-container\"><input type=\"hidden\" name=\"_wpcf7\" value=\"33\" \/><input type=\"hidden\" name=\"_wpcf7_version\" value=\"6.1.5\" \/><input type=\"hidden\" name=\"_wpcf7_locale\" value=\"de_DE\" \/><input type=\"hidden\" name=\"_wpcf7_unit_tag\" value=\"wpcf7-f33-o1\" \/><input type=\"hidden\" name=\"_wpcf7_container_post\" value=\"0\" \/><input type=\"hidden\" name=\"_wpcf7_posted_data_hash\" value=\"\" \/>\n<\/fieldset>\n<p><label> Ihr Name<br \/>\n<span class=\"wpcf7-form-control-wrap\" data-name=\"your-name\"><input size=\"40\" maxlength=\"400\" class=\"wpcf7-form-control wpcf7-text wpcf7-validates-as-required\" autocomplete=\"name\" aria-required=\"true\" aria-invalid=\"false\" value=\"\" type=\"text\" name=\"your-name\" \/><\/span> <\/label>\n<\/p>\n<p><label> Ihre E-Mailadresse<br \/>\n<span class=\"wpcf7-form-control-wrap\" data-name=\"your-email\"><input size=\"40\" maxlength=\"400\" class=\"wpcf7-form-control wpcf7-email wpcf7-validates-as-required wpcf7-text wpcf7-validates-as-email\" autocomplete=\"email\" aria-required=\"true\" aria-invalid=\"false\" value=\"\" type=\"email\" name=\"your-email\" \/><\/span> <\/label>\n<\/p>\n<p><label> Betreff<br \/>\n<span class=\"wpcf7-form-control-wrap\" data-name=\"your-subject\"><input size=\"40\" maxlength=\"400\" class=\"wpcf7-form-control wpcf7-text wpcf7-validates-as-required\" aria-required=\"true\" aria-invalid=\"false\" value=\"\" type=\"text\" name=\"your-subject\" \/><\/span> <\/label>\n<\/p>\n<p><label> Ihre Nachricht (optional)<br \/>\n<span class=\"wpcf7-form-control-wrap\" data-name=\"your-message\"><textarea cols=\"40\" rows=\"10\" maxlength=\"2000\" class=\"wpcf7-form-control wpcf7-textarea\" aria-invalid=\"false\" name=\"your-message\"><\/textarea><\/span> <\/label>\n<\/p>\n<p><input class=\"wpcf7-form-control wpcf7-submit has-spinner\" type=\"submit\" value=\"Senden\" \/>\n<\/p><div class=\"wpcf7-response-output\" aria-hidden=\"true\"><\/div>\n<\/form>\n<\/div>\n\n\n\n\n<figure class=\"wp-block-image size-full\"><img fetchpriority=\"high\" decoding=\"async\" width=\"501\" height=\"384\" src=\"https:\/\/suchtmr.de\/wp-content\/uploads\/2023\/11\/Foto_Beratungsstelle_Stadtallendorf_500px.jpg\" alt=\"\" class=\"wp-image-28\" srcset=\"https:\/\/suchtmr.de\/wp-content\/uploads\/2023\/11\/Foto_Beratungsstelle_Stadtallendorf_500px.jpg 501w, https:\/\/suchtmr.de\/wp-content\/uploads\/2023\/11\/Foto_Beratungsstelle_Stadtallendorf_500px-300x230.jpg 300w\" sizes=\"(max-width: 501px) 100vw, 501px\" \/><figcaption class=\"wp-element-caption\">Standort Stadtallendorf \u00a9 DWMB<\/figcaption><\/figure>\n","protected":false},"excerpt":{"rendered":"<p>Sucht- und Drogenberatungmit Betreutem Wohnen und Fachstelle f\u00fcr Suchtpr\u00e4ventionAm Bahnhof 1035260 Stadtallendorf Tel.: &nbsp;&nbsp; 0 64 28 &#8211; 73 33&nbsp;&nbsp; (Telefonsprechzeiten)Fax:&nbsp;&nbsp;&nbsp; 0 64 28 &#8211; 40 180Mail:&nbsp;&nbsp; stadtallendorf.suchtdwmb(at)ekkw.de Mailadresse unserer Fachstelle f\u00fcr Suchtpr\u00e4vention f\u00fcr den Landkreis Marburg-Biedenkopf:fspmarburgbiedenkopf(at)ekkw.de Ihr Weg zu uns: Unsere Beratungsstelle befindet sich in der Stra\u00dfe, die vom Bahnhof zum Rathaus f\u00fchrt. Vorne [&#8230;]<\/p>\n<p><a class=\"btn btn-secondary understrap-read-more-link\" href=\"https:\/\/suchtmr.de\/index.php\/kontakt\/aussenstelle-stadt-allendorf\/\">Weiterlesen\u00a0\u2026<span class=\"screen-reader-text\"> from Au\u00dfenstelle Stadtallendorf<\/span><\/a><\/p>\n","protected":false},"author":1,"featured_media":0,"parent":26,"menu_order":2,"comment_status":"closed","ping_status":"closed","template":"","meta":{"footnotes":""},"class_list":["post-147","page","type-page","status-publish","hentry"],"_links":{"self":[{"href":"https:\/\/suchtmr.de\/index.php\/wp-json\/wp\/v2\/pages\/147","targetHints":{"allow":["GET"]}}],"collection":[{"href":"https:\/\/suchtmr.de\/index.php\/wp-json\/wp\/v2\/pages"}],"about":[{"href":"https:\/\/suchtmr.de\/index.php\/wp-json\/wp\/v2\/types\/page"}],"author":[{"embeddable":true,"href":"https:\/\/suchtmr.de\/index.php\/wp-json\/wp\/v2\/users\/1"}],"replies":[{"embeddable":true,"href":"https:\/\/suchtmr.de\/index.php\/wp-json\/wp\/v2\/comments?post=147"}],"version-history":[{"count":7,"href":"https:\/\/suchtmr.de\/index.php\/wp-json\/wp\/v2\/pages\/147\/revisions"}],"predecessor-version":[{"id":526,"href":"https:\/\/suchtmr.de\/index.php\/wp-json\/wp\/v2\/pages\/147\/revisions\/526"}],"up":[{"embeddable":true,"href":"https:\/\/suchtmr.de\/index.php\/wp-json\/wp\/v2\/pages\/26"}],"wp:attachment":[{"href":"https:\/\/suchtmr.de\/index.php\/wp-json\/wp\/v2\/media?parent=147"}],"curies":[{"name":"wp","href":"https:\/\/api.w.org\/{rel}","templated":true}]}}