{"id":143,"date":"2024-03-05T15:05:09","date_gmt":"2024-03-05T14:05:09","guid":{"rendered":"https:\/\/jovial-turing.81-169-251-74.plesk.page\/?page_id=143"},"modified":"2025-04-08T12:44:14","modified_gmt":"2025-04-08T10:44:14","slug":"hauptstelle-marburg","status":"publish","type":"page","link":"https:\/\/suchtmr.de\/index.php\/kontakt\/hauptstelle-marburg\/","title":{"rendered":"Hauptstelle Marburg"},"content":{"rendered":"\n<p><strong>Frankfurter Stra\u00dfe 35<br>35037 Marburg<\/strong><\/p>\n\n\n\n<p><p><strong>Tel. \u00a0 0 64 21 &#8211; 26 0 33\u00a0\u00a0 <\/strong><br><strong>Fax.\u00a0 0 64 21 &#8211; 26 0 35<br><\/strong><strong>Mail\u00a0 <\/strong><strong><a href=\"mailto:marburg.suchtdwmb@ekkw.de\">marburg.suchtdwmb(at)ekkw.de<\/a><\/strong><\/p><br><h5>Telefonsprechzeiten<\/h5><br><p>Mo &#8211; Fr\u00a0 \u00a010:00 &#8211; 12:30 Uhr<br>Mo &#8211; Do\u00a0 14:30 &#8211; 16:00 Uhr<br><br><strong>Termine nach Vereinbarung.<\/strong><\/p><br><p>\u00a0<\/p><\/p>\n\n\n\n<h3 class=\"wp-block-heading\">Ihr Weg zu uns:<\/h3>\n\n\n\n<p>Unsere Beratungsstelle befindet sich im Marburger S\u00fcdviertel in der Frankfurter Stra\u00dfe 35 (Ecke Stresemannstra\u00dfe). Im Erdgeschoss ist eine&nbsp;Filiale der Sparkasse Marburg-Biedenkopf.<br><br><strong>Sie finden uns im 2. Stockwerk.<\/strong><\/p>\n\n\n\n<div id=\"lmb_69e1bee173a3b\" class=\"map_block_leaflet\" style=\"height: 220px\"><\/div>\n<script>\n\t( function(){\n\t\tfunction is_loading() {\n\t\t\treturn document.body.classList.contains(\"loading\");\n\t\t}\n\t\t\n\t\tfunction initilize() {\n\t\t\tconst map = L.map(\"lmb_69e1bee173a3b\").setView([\"50.800958\", \"8.7646021145016\"], \"15\");\n\t\n\t\t\tL.tileLayer(\"https:\/\/{s}.basemaps.cartocdn.com\/rastertiles\/voyager\/{z}\/{x}\/{y}{r}.png\", {\n\t\t\t\tattribution: '&copy; <a href=\"http: \/\/www.openstreetmap.org\/copyright\">OpenStreetMap<\/a> &copy; <a href=\"https:\/\/carto.com\/attribution\">CARTO<\/a>'\n\t\t\t}).addTo(map);\n\t\n\t\t\t\t\tmap.scrollWheelZoom.disable();\n\t\t\n\t\t\t\t\tconst icon = new L.Icon.Default();\n\t\t\n\t\t\t\t\tL.marker([\"50.800958\", \"8.7646021145016\"], { icon: icon}).addTo(map);\n\t\t\n\t\t\tconst timer = 100;\n\t\t\tfunction checkRender() {\n\t\t\t\tif( is_loading()) {\n\t\t\t\t\tsetTimeout(function(){\n\t\t\t\t\t\tcheckRender();\n\t\t\t\t\t}, timer);\n\t\t\t\t} else {\n\t\t\t\t\tmap.invalidateSize(true);\n\t\t\t\t}\n\t\t\t}\n\n\t\t\tconst container = document.getElementById(\"lmb_69e1bee173a3b\");\n\t\t\tconst observer = ResizeObserver && new ResizeObserver(function() {\n\t\t\t\tmap.invalidateSize(true);\n\t\t\t});\n\n\t\t\tobserver && observer.observe(container);\n\t\t}\n\n\t\tdocument.addEventListener(\"DOMContentLoaded\", initilize);\n\t} )();\n<\/script>\n\n\n<p>Busverbindungen vom Hbf:&nbsp;<br>Linie 3 (Haltestelle Friedrichsstra\u00dfe)<br>Linien 1,2 und 7 (Haltestelle Frankfurter Stra\u00dfe\/ Theater)<\/p>\n\n\n\n<h2 class=\"wp-block-heading\">Schreiben Sie uns eine Nachricht<\/h2>\n\n\n\n<div class=\"wpcf7 no-js\" id=\"wpcf7-f32-o1\" lang=\"de-DE\" dir=\"ltr\" data-wpcf7-id=\"32\">\n<div class=\"screen-reader-response\"><p role=\"status\" aria-live=\"polite\" aria-atomic=\"true\"><\/p> <ul><\/ul><\/div>\n<form action=\"\/index.php\/wp-json\/wp\/v2\/pages\/143#wpcf7-f32-o1\" method=\"post\" class=\"wpcf7-form init\" aria-label=\"Kontaktformular\" novalidate=\"novalidate\" data-status=\"init\">\n<fieldset class=\"hidden-fields-container\"><input type=\"hidden\" name=\"_wpcf7\" value=\"32\" \/><input type=\"hidden\" name=\"_wpcf7_version\" value=\"6.1.5\" \/><input type=\"hidden\" name=\"_wpcf7_locale\" value=\"de_DE\" \/><input type=\"hidden\" name=\"_wpcf7_unit_tag\" value=\"wpcf7-f32-o1\" \/><input type=\"hidden\" name=\"_wpcf7_container_post\" value=\"0\" \/><input type=\"hidden\" name=\"_wpcf7_posted_data_hash\" value=\"\" \/>\n<\/fieldset>\n<p><label> Ihr Name<br \/>\n<span class=\"wpcf7-form-control-wrap\" data-name=\"your-name\"><input size=\"40\" maxlength=\"400\" class=\"wpcf7-form-control wpcf7-text wpcf7-validates-as-required\" autocomplete=\"name\" aria-required=\"true\" aria-invalid=\"false\" value=\"\" type=\"text\" name=\"your-name\" \/><\/span> <\/label>\n<\/p>\n<p><label> Ihre E-Mailadresse<br \/>\n<span class=\"wpcf7-form-control-wrap\" data-name=\"your-email\"><input size=\"40\" maxlength=\"400\" class=\"wpcf7-form-control wpcf7-email wpcf7-validates-as-required wpcf7-text wpcf7-validates-as-email\" autocomplete=\"email\" aria-required=\"true\" aria-invalid=\"false\" value=\"\" type=\"email\" name=\"your-email\" \/><\/span> <\/label>\n<\/p>\n<p><label> Betreff<br \/>\n<span class=\"wpcf7-form-control-wrap\" data-name=\"your-subject\"><input size=\"40\" maxlength=\"400\" class=\"wpcf7-form-control wpcf7-text wpcf7-validates-as-required\" aria-required=\"true\" aria-invalid=\"false\" value=\"\" type=\"text\" name=\"your-subject\" \/><\/span> <\/label>\n<\/p>\n<p><label> Ihre Nachricht (optional)<br \/>\n<span class=\"wpcf7-form-control-wrap\" data-name=\"your-message\"><textarea cols=\"40\" rows=\"10\" maxlength=\"2000\" class=\"wpcf7-form-control wpcf7-textarea\" aria-invalid=\"false\" name=\"your-message\"><\/textarea><\/span> <\/label>\n<\/p>\n<p><input class=\"wpcf7-form-control wpcf7-submit has-spinner\" type=\"submit\" value=\"Senden\" \/>\n<\/p><div class=\"wpcf7-response-output\" aria-hidden=\"true\"><\/div>\n<\/form>\n<\/div>\n\n\n\n\n<h5 class=\"wp-block-heading\">\u00a9 DWMB<\/h5>\n\n\n\n<figure><img decoding=\"async\" src=\"https:\/\/suchtmr.de\/wp-content\/uploads\/2023\/11\/Foto_Beratungsstelle_blauer_Himmel_500px.jpg\" alt=\"\" \/>\n<figcaption>Standort Marburg \u00a9 DWMB<\/figcaption>\n<\/figure>\n","protected":false},"excerpt":{"rendered":"<p>Frankfurter Stra\u00dfe 3535037 Marburg Tel. \u00a0 0 64 21 &#8211; 26 0 33\u00a0\u00a0 Fax.\u00a0 0 64 21 &#8211; 26 0 35Mail\u00a0 marburg.suchtdwmb(at)ekkw.de Telefonsprechzeiten Mo &#8211; Fr\u00a0 \u00a010:00 &#8211; 12:30 UhrMo &#8211; Do\u00a0 14:30 &#8211; 16:00 Uhr Termine nach Vereinbarung. \u00a0 Ihr Weg zu uns: Unsere Beratungsstelle befindet sich im Marburger S\u00fcdviertel in der Frankfurter Stra\u00dfe [&#8230;]<\/p>\n<p><a class=\"btn btn-secondary understrap-read-more-link\" href=\"https:\/\/suchtmr.de\/index.php\/kontakt\/hauptstelle-marburg\/\">Weiterlesen\u00a0\u2026<span class=\"screen-reader-text\"> from Hauptstelle Marburg<\/span><\/a><\/p>\n","protected":false},"author":1,"featured_media":0,"parent":26,"menu_order":1,"comment_status":"closed","ping_status":"closed","template":"","meta":{"footnotes":""},"class_list":["post-143","page","type-page","status-publish","hentry"],"_links":{"self":[{"href":"https:\/\/suchtmr.de\/index.php\/wp-json\/wp\/v2\/pages\/143","targetHints":{"allow":["GET"]}}],"collection":[{"href":"https:\/\/suchtmr.de\/index.php\/wp-json\/wp\/v2\/pages"}],"about":[{"href":"https:\/\/suchtmr.de\/index.php\/wp-json\/wp\/v2\/types\/page"}],"author":[{"embeddable":true,"href":"https:\/\/suchtmr.de\/index.php\/wp-json\/wp\/v2\/users\/1"}],"replies":[{"embeddable":true,"href":"https:\/\/suchtmr.de\/index.php\/wp-json\/wp\/v2\/comments?post=143"}],"version-history":[{"count":7,"href":"https:\/\/suchtmr.de\/index.php\/wp-json\/wp\/v2\/pages\/143\/revisions"}],"predecessor-version":[{"id":418,"href":"https:\/\/suchtmr.de\/index.php\/wp-json\/wp\/v2\/pages\/143\/revisions\/418"}],"up":[{"embeddable":true,"href":"https:\/\/suchtmr.de\/index.php\/wp-json\/wp\/v2\/pages\/26"}],"wp:attachment":[{"href":"https:\/\/suchtmr.de\/index.php\/wp-json\/wp\/v2\/media?parent=143"}],"curies":[{"name":"wp","href":"https:\/\/api.w.org\/{rel}","templated":true}]}}