{"id":111,"date":"2024-02-29T09:56:53","date_gmt":"2024-02-29T08:56:53","guid":{"rendered":"https:\/\/jovial-turing.81-169-251-74.plesk.page\/?page_id=111"},"modified":"2024-10-09T14:48:33","modified_gmt":"2024-10-09T12:48:33","slug":"angehoerigengruppe","status":"publish","type":"page","link":"https:\/\/suchtmr.de\/index.php\/angehoerigengruppe\/","title":{"rendered":"Angeh\u00f6rigengruppe"},"content":{"rendered":"\n<h5 class=\"wp-block-heading\" style=\"font-size:10px\">\u00a9 strichfiguren.de &#8211; stock.adobe.com<\/h5>\n\n\n\n<figure class=\"wp-block-image size-full\"><img decoding=\"async\" width=\"400\" height=\"75\" src=\"https:\/\/suchtmr.de\/wp-content\/uploads\/2024\/02\/Angehoerigengruppe.jpg\" alt=\"\" class=\"wp-image-112\" srcset=\"https:\/\/suchtmr.de\/wp-content\/uploads\/2024\/02\/Angehoerigengruppe.jpg 400w, https:\/\/suchtmr.de\/wp-content\/uploads\/2024\/02\/Angehoerigengruppe-300x56.jpg 300w\" sizes=\"(max-width: 400px) 100vw, 400px\" \/><\/figure>\n\n\n\n<p>Wenn ein Mitglied einer Familie unter einem Suchtproblem leidet, sind die restlichen Familienmitglieder oder Menschen im n\u00e4heren Umfeld indirekt mitbetroffen.<\/p>\n\n\n\n<p>Sie leiden einerseits unter den Auswirkungen der Sucht und erleben eine Hilflosigkeit im Umgang mit dem oder der&nbsp;Betroffenen. Dennoch sind sie nicht machtlos, denn f\u00fcr die Betroffenen sind sie h\u00e4ufig die wichtigsten Bezugspersonen. Diese Chance sollte genutzt werden. Aber wie?<\/p>\n\n\n\n<h2 class=\"wp-block-heading\">Was k\u00f6nnte hilfreich sein?<\/h2>\n\n\n\n<ul class=\"wp-block-list\">\n<li>Welche eigenen Verhaltensweisen sind sinnvoll, welche weniger?<\/li>\n\n\n\n<li>Wie kann man durch Ver\u00e4nderungen des eigenen Verhaltens Betroffene dazu bewegen etwas gegen das Suchtproblem zu tun?<\/li>\n\n\n\n<li>Wie k\u00f6nnen positive Ver\u00e4nderungen beibehalten werden und R\u00fcckf\u00e4lle in alte Verhaltensweisen vermieden werden?<\/li>\n\n\n\n<li>Wie kann ich mich als Angeh\u00f6rige\/r selbst sch\u00fctzen, wenn alle Bem\u00fchungen nichts n\u00fctzen?<\/li>\n<\/ul>\n\n\n\n<p>Diese und weitere Fragen wollen wir mit Ihnen exemplarisch besprechen. Hierbei k\u00f6nnen auch Ihre pers\u00f6nlichen Anliegen zur Sprache kommen.<\/p>\n\n\n\n<p>Die Treffen finden im Gruppenraum, 1.OG des Philippshaus Marburg&nbsp;(<a href=\"https:\/\/beratungsstellen-philippshaus.de\/index.php?id=46\" target=\"_blank\" rel=\"noreferrer noopener\">Anfahrt siehe hier<\/a>) statt. Treffpunkt ist vor dem Geb\u00e4ude.<\/p>\n\n\n\n<p><strong>Damit wir die Teilnehmerzahl im Blick haben k\u00f6nnen, informieren Sie uns bei Interesse bitte per <\/strong><a href=\"https:\/\/suchtmr.de\/index.php\/kontakt\/hauptstelle-marburg\/\" data-type=\"page\" data-id=\"143\"><strong>Mail oder Anruf<\/strong><\/a><strong>!<\/strong><\/p>\n","protected":false},"excerpt":{"rendered":"<p>\u00a9 strichfiguren.de &#8211; stock.adobe.com Wenn ein Mitglied einer Familie unter einem Suchtproblem leidet, sind die restlichen Familienmitglieder oder Menschen im n\u00e4heren Umfeld indirekt mitbetroffen. Sie leiden einerseits unter den Auswirkungen der Sucht und erleben eine Hilflosigkeit im Umgang mit dem oder der&nbsp;Betroffenen. Dennoch sind sie nicht machtlos, denn f\u00fcr die Betroffenen sind sie h\u00e4ufig die [&#8230;]<\/p>\n<p><a class=\"btn btn-secondary understrap-read-more-link\" href=\"https:\/\/suchtmr.de\/index.php\/angehoerigengruppe\/\">Weiterlesen\u00a0\u2026<span class=\"screen-reader-text\"> from Angeh\u00f6rigengruppe<\/span><\/a><\/p>\n","protected":false},"author":1,"featured_media":0,"parent":0,"menu_order":0,"comment_status":"closed","ping_status":"closed","template":"","meta":{"footnotes":""},"class_list":["post-111","page","type-page","status-publish","hentry"],"_links":{"self":[{"href":"https:\/\/suchtmr.de\/index.php\/wp-json\/wp\/v2\/pages\/111","targetHints":{"allow":["GET"]}}],"collection":[{"href":"https:\/\/suchtmr.de\/index.php\/wp-json\/wp\/v2\/pages"}],"about":[{"href":"https:\/\/suchtmr.de\/index.php\/wp-json\/wp\/v2\/types\/page"}],"author":[{"embeddable":true,"href":"https:\/\/suchtmr.de\/index.php\/wp-json\/wp\/v2\/users\/1"}],"replies":[{"embeddable":true,"href":"https:\/\/suchtmr.de\/index.php\/wp-json\/wp\/v2\/comments?post=111"}],"version-history":[{"count":6,"href":"https:\/\/suchtmr.de\/index.php\/wp-json\/wp\/v2\/pages\/111\/revisions"}],"predecessor-version":[{"id":386,"href":"https:\/\/suchtmr.de\/index.php\/wp-json\/wp\/v2\/pages\/111\/revisions\/386"}],"wp:attachment":[{"href":"https:\/\/suchtmr.de\/index.php\/wp-json\/wp\/v2\/media?parent=111"}],"curies":[{"name":"wp","href":"https:\/\/api.w.org\/{rel}","templated":true}]}}