{"id":103,"date":"2024-02-29T09:54:59","date_gmt":"2024-02-29T08:54:59","guid":{"rendered":"https:\/\/jovial-turing.81-169-251-74.plesk.page\/?page_id=103"},"modified":"2025-07-24T11:52:43","modified_gmt":"2025-07-24T09:52:43","slug":"selbsthilfegruppen","status":"publish","type":"page","link":"https:\/\/suchtmr.de\/index.php\/selbsthilfegruppen\/","title":{"rendered":"Selbsthilfegruppen"},"content":{"rendered":"\t\t<div data-elementor-type=\"wp-page\" data-elementor-id=\"103\" class=\"elementor elementor-103\" data-elementor-post-type=\"page\">\n\t\t\t\t<div class=\"elementor-element elementor-element-348cb4af e-flex e-con-boxed e-con e-parent\" data-id=\"348cb4af\" data-element_type=\"container\" data-e-type=\"container\">\n\t\t\t\t\t<div class=\"e-con-inner\">\n\t\t\t\t<div class=\"elementor-element elementor-element-64d58cc3 elementor-widget elementor-widget-text-editor\" data-id=\"64d58cc3\" data-element_type=\"widget\" data-e-type=\"widget\" data-widget_type=\"text-editor.default\">\n\t\t\t\t<div class=\"elementor-widget-container\">\n\t\t\t\t\t\t\t\t\t<p><\/p>\n<h5 class=\"wp-block-heading\" style=\"font-size: 10px;\">\u00a9 DOC RABE Media &#8211; stock.adobe.com<\/h5>\n<p><\/p>\n<figure class=\"wp-block-image size-full\"><img fetchpriority=\"high\" decoding=\"async\" class=\"wp-image-104\" title=\"\u00a9 Fotolia\/ DOC RABE Media\/ Welcome on Board\" src=\"https:\/\/suchtmr.de\/wp-content\/uploads\/2024\/02\/Selbsthilfe_400px_Fotolia_-_DOC_RABE_Media__Welcome_on_Board.jpg\" alt=\"\" width=\"568\" height=\"105\" srcset=\"https:\/\/suchtmr.de\/wp-content\/uploads\/2024\/02\/Selbsthilfe_400px_Fotolia_-_DOC_RABE_Media__Welcome_on_Board.jpg 400w, https:\/\/suchtmr.de\/wp-content\/uploads\/2024\/02\/Selbsthilfe_400px_Fotolia_-_DOC_RABE_Media__Welcome_on_Board-300x56.jpg 300w\" sizes=\"(max-width: 568px) 100vw, 568px\" \/><p><\/p>\n\n<\/figure>\n<p><\/p>\n<blockquote class=\"blockquote\">\n<p><span style=\"color: #333333;\">In der Selbsthilfegruppe lernen Betroffene, Suchtkranke und deren Angeh\u00f6rige, gemeinsam mit anderen, die Abh\u00e4ngigkeitsproblematik zu bew\u00e4ltigen. Im vertrauten und gesch\u00fctzten Rahmen sind Zeit und Raum f\u00fcr die Belange jedes einzelnen Teilnehmers gegeben. Eine Selbsthilfegruppe hilft dabei (wieder) soziale Kontakte und neue Perspektiven zu finden und Isolation und Ausgrenzung zu \u00fcberwinden.<\/span><br><span style=\"color: #333333;\">Menschen mit \u00e4hnlichen Problemen und Erfahrungen verstehen, helfen und st\u00e4rken sich gegenseitig:<\/span><\/p>\n<\/blockquote>\n<p><\/p>\n<h4 class=\"wp-block-heading\"><span style=\"color: #333333;\">&#8222;Ohne Gruppe habe ich es 1,5 Jahre geschafft. Mit Gruppe bin ich seit 21 Jahren abstinent! Ich glaube, das spricht f\u00fcr sich.&#8220;<\/span><\/h4>\n<p><\/p>\n<p><em>(Gruppenmitglied)<\/em><\/p>\n<p><\/p>\n<blockquote class=\"blockquote\">\n<p><span style=\"color: #333333;\">Die Suchterkrankung&nbsp; eines einzelnen Familienmitglieds belastet oftmals die gesamte Familie. In der Angeh\u00f6rigengruppe gibt es M\u00f6glichkeit zum Austausch und gegenseitig R\u00fcckhalt geben. Das st\u00e4rkt Ihr Selbstvertrauen und gibt neue Kraft.<\/span><\/p>\n<\/blockquote>\n<p><span style=\"color: #333333;\"><\/span><\/p>\n<h5><span style=\"color: #333333;\"><strong>N\u00e4here Informationen zu den uns angeschlossenen Selbsthilfegruppen erhalten Sie von:<\/strong>&nbsp;<\/span><\/h5>\n<h5><span style=\"color: #333333;\"><\/span><\/h5>\n<h5><span style=\"color: #333333;\"><strong>Daniel Simmer, Schulstra\u00dfe 25, 35216 Biedenkopf,<br><\/strong><strong>Tel. 0 64 61 &#8211; 95 40 17<\/strong><\/span><\/h5>\n<p><\/p>\n<p><span style=\"color: #333333;\"><\/span><\/p>\n<h2 class=\"wp-block-heading\"><span style=\"color: #333333;\">Freundeskreis Biedenkopf<\/span><\/h2>\n<p><span style=\"color: #333333;\"><\/span><\/p>\n<blockquote class=\"blockquote\">\n<p><span style=\"color: #333333;\">Alkohol, Medikamente, Drogen, Gl\u00fccksspielsucht<\/span><br><span style=\"color: #333333;\">14-t\u00e4gig donnerstags, 19:30 Uhr &#8211; in den R\u00e4umen der Seniorenbegegnungsst\u00e4tte Biedenkopf, Bachgrundstra\u00dfe 24 1\/2<\/span><br><span style=\"color: #333333;\"><strong>Kontakt:<\/strong> Frank Wagner, Tel.: 0174 &#8211; 98 45 725<\/span><\/p>\n<p><\/p>\n<\/blockquote>\n<p><span style=\"color: #333333;\"><\/span><\/p>\n<hr class=\"wp-block-separator has-alpha-channel-opacity\">\n<p><span style=\"color: #333333;\"><\/span><\/p>\n<h2 class=\"wp-block-heading\"><span style=\"color: #333333;\">Freundeskreis Gladenbach<\/span><\/h2>\n<p><span style=\"color: #333333;\"><\/span><\/p>\n<blockquote class=\"blockquote\">\n<p><span style=\"color: #333333;\">Alkohol, Medikamente, Gl\u00fccksspielsucht<\/span><br><span style=\"color: #333333;\">14-t\u00e4gig dienstags, 19:00 Uhr in den R\u00e4umen der Diakoniestation Gladenbach, Wilhelmstra\u00dfe 2<\/span><br><span style=\"color: #333333;\"><strong>Kontakt: <\/strong>Hans Georg K\u00fchbauch, Tel.:&nbsp;0171 &#8211; 56 02 981&nbsp;oder<\/span><br><span style=\"color: #333333;\">Sascha Schmidt, Tel.: 0152 &#8211; 540 729 92<\/span><\/p>\n<p><\/p>\n<\/blockquote>\n<p><span style=\"color: #333333;\"><\/span><\/p>\n<hr class=\"wp-block-separator has-alpha-channel-opacity\">\n<p><span style=\"color: #333333;\"><\/span><\/p>\n<p><\/p>\n<p><span style=\"color: #333333;\"><\/span><\/p>\n<h2 class=\"wp-block-heading\"><span style=\"color: #333333;\">Angeh\u00f6rige von Suchtkranken<\/span><\/h2>\n<p><span style=\"color: #333333;\"><\/span><\/p>\n<blockquote class=\"blockquote\">\n<p><span style=\"color: #333333;\">Alkohol, Medikamente, Drogen<\/span><br><span style=\"color: #333333;\">Gemeinsame&nbsp;Treffen nach Vereinbarung&nbsp;<\/span><br><span style=\"color: #333333;\"><strong>Kontakt: <\/strong>Elfi Bott, Tel. 0 27 76 &#8211; 72 21<\/span><\/p>\n<p><\/p>\n<\/blockquote>\n<p><span style=\"color: #333333;\"><\/span><\/p>\n<hr class=\"wp-block-separator has-alpha-channel-opacity\">\n<p><span style=\"color: #333333;\"><\/span><\/p>\n<h2 class=\"wp-block-heading\"><span style=\"color: #333333;\">Selbsthilfegruppe Stadtallendorf<\/span><\/h2>\n<p><span style=\"color: #333333;\"><\/span><\/p>\n<blockquote class=\"blockquote\">\n<p><span style=\"color: #333333;\">Alkohol, Medikamente, Drogen, Gl\u00fccksspielsucht<\/span><br><span style=\"color: #333333;\">Jeden Donnerstag, 19:00 Uhr im S\u00fcdstadtkiosk Stadtallendorf, Iglauer Weg 6<\/span><br><span style=\"color: #333333;\"><strong>Kontakt<\/strong> \u00fcber unsere <a style=\"color: #333333;\" href=\"https:\/\/suchtmr.de\/index.php?id=71&amp;L=0%252525252525252525252525252525252525252525252525252Ftrackback\">Suchtberatungsstelle Stadtallendorf<\/a>, Tel. 0 64 28 &#8211; 73 33<\/span><\/p>\n<\/blockquote>\n<p><\/p>\t\t\t\t\t\t\t\t<\/div>\n\t\t\t\t<\/div>\n\t\t\t\t\t<\/div>\n\t\t\t\t<\/div>\n\t\t\t\t<\/div>\n\t\t","protected":false},"excerpt":{"rendered":"<p>\u00a9 DOC RABE Media &#8211; stock.adobe.com In der Selbsthilfegruppe lernen Betroffene, Suchtkranke und deren Angeh\u00f6rige, gemeinsam mit anderen, die Abh\u00e4ngigkeitsproblematik zu bew\u00e4ltigen. Im vertrauten und gesch\u00fctzten Rahmen sind Zeit und Raum f\u00fcr die Belange jedes einzelnen Teilnehmers gegeben. Eine Selbsthilfegruppe hilft dabei (wieder) soziale Kontakte und neue Perspektiven zu finden und Isolation und Ausgrenzung zu [&#8230;]<\/p>\n<p><a class=\"btn btn-secondary understrap-read-more-link\" href=\"https:\/\/suchtmr.de\/index.php\/selbsthilfegruppen\/\">Weiterlesen\u00a0\u2026<span class=\"screen-reader-text\"> from Selbsthilfegruppen<\/span><\/a><\/p>\n","protected":false},"author":1,"featured_media":0,"parent":0,"menu_order":0,"comment_status":"closed","ping_status":"closed","template":"","meta":{"footnotes":""},"class_list":["post-103","page","type-page","status-publish","hentry"],"_links":{"self":[{"href":"https:\/\/suchtmr.de\/index.php\/wp-json\/wp\/v2\/pages\/103","targetHints":{"allow":["GET"]}}],"collection":[{"href":"https:\/\/suchtmr.de\/index.php\/wp-json\/wp\/v2\/pages"}],"about":[{"href":"https:\/\/suchtmr.de\/index.php\/wp-json\/wp\/v2\/types\/page"}],"author":[{"embeddable":true,"href":"https:\/\/suchtmr.de\/index.php\/wp-json\/wp\/v2\/users\/1"}],"replies":[{"embeddable":true,"href":"https:\/\/suchtmr.de\/index.php\/wp-json\/wp\/v2\/comments?post=103"}],"version-history":[{"count":17,"href":"https:\/\/suchtmr.de\/index.php\/wp-json\/wp\/v2\/pages\/103\/revisions"}],"predecessor-version":[{"id":503,"href":"https:\/\/suchtmr.de\/index.php\/wp-json\/wp\/v2\/pages\/103\/revisions\/503"}],"wp:attachment":[{"href":"https:\/\/suchtmr.de\/index.php\/wp-json\/wp\/v2\/media?parent=103"}],"curies":[{"name":"wp","href":"https:\/\/api.w.org\/{rel}","templated":true}]}}