{"id":100,"date":"2024-02-29T09:54:12","date_gmt":"2024-02-29T08:54:12","guid":{"rendered":"https:\/\/jovial-turing.81-169-251-74.plesk.page\/?page_id=100"},"modified":"2024-10-09T14:45:26","modified_gmt":"2024-10-09T12:45:26","slug":"problematischer-medienkonsum","status":"publish","type":"page","link":"https:\/\/suchtmr.de\/index.php\/problematischer-medienkonsum\/","title":{"rendered":"go onlife"},"content":{"rendered":"\t\t<div data-elementor-type=\"wp-page\" data-elementor-id=\"100\" class=\"elementor elementor-100\" data-elementor-post-type=\"page\">\n\t\t\t\t<div class=\"elementor-element elementor-element-234cb285 e-flex e-con-boxed e-con e-parent\" data-id=\"234cb285\" data-element_type=\"container\" data-e-type=\"container\">\n\t\t\t\t\t<div class=\"e-con-inner\">\n\t\t\t\t<div class=\"elementor-element elementor-element-44c43b4f elementor-widget elementor-widget-text-editor\" data-id=\"44c43b4f\" data-element_type=\"widget\" data-e-type=\"widget\" data-widget_type=\"text-editor.default\">\n\t\t\t\t<div class=\"elementor-widget-container\">\n\t\t\t\t\t\t\t\t\t\n<p>Hilfe bei problematischem Medienkonsum<\/p>\n\n\n\n<p><\/p>\n\t\t\t\t\t\t\t\t<\/div>\n\t\t\t\t<\/div>\n\t\t\t\t\t<\/div>\n\t\t\t\t<\/div>\n\t\t<div class=\"elementor-element elementor-element-e603a49 e-grid e-con-boxed e-con e-parent\" data-id=\"e603a49\" data-element_type=\"container\" data-e-type=\"container\">\n\t\t\t\t\t<div class=\"e-con-inner\">\n\t\t\t\t<div class=\"elementor-element elementor-element-4083a97 elementor-widget elementor-widget-text-editor\" data-id=\"4083a97\" data-element_type=\"widget\" data-e-type=\"widget\" data-widget_type=\"text-editor.default\">\n\t\t\t\t<div class=\"elementor-widget-container\">\n\t\t\t\t\t\t\t\t\t<p class=\"MsoNormal\" style=\"margin-bottom: 0cm; line-height: 15.75pt; background-image: initial; background-position: initial; background-size: initial; background-repeat: initial; background-attachment: initial; background-origin: initial; background-clip: initial;\"><b><span style=\"font-size: 10.5pt; font-family: 'Arial',sans-serif; mso-fareast-font-family: 'Times New Roman'; color: #666666; mso-font-kerning: 0pt; mso-ligatures: none; mso-fareast-language: DE;\">Im beruflichen sowie privaten Bereich sind Computer, Smartphones und Co. heutzutage in nahezu allen Bereichen vertreten. Doch was kann ich tun, wenn die Faszination zu gro\u00df wird? Wenn die Zeiten vor dem PC immer l\u00e4nger werden? Wenn andere Bereiche, wie Arbeit\/Schule, Freunde, Hobbys, immer mehr in den Hintergrund treten?<\/span><\/b><\/p>\n<p class=\"MsoNormal\" style=\"margin-bottom: 0cm; line-height: normal; background-image: initial; background-position: initial; background-size: initial; background-repeat: initial; background-attachment: initial; background-origin: initial; background-clip: initial;\"><span style=\"font-size: 10.5pt; font-family: 'Arial',sans-serif; mso-fareast-font-family: 'Times New Roman'; color: #666666; mso-font-kerning: 0pt; mso-ligatures: none; mso-fareast-language: DE;\">\u00a0<\/span><\/p>\n<p class=\"MsoNormal\" style=\"margin-bottom: 0cm; line-height: 15.75pt; background-image: initial; background-position: initial; background-size: initial; background-repeat: initial; background-attachment: initial; background-origin: initial; background-clip: initial;\"><span style=\"font-size: 10.5pt; font-family: 'Arial',sans-serif; mso-fareast-font-family: 'Times New Roman'; color: #666666; mso-font-kerning: 0pt; mso-ligatures: none; mso-fareast-language: DE;\">Die Sucht- und Drogenberatungsstelle des Diakonischen Werkes Marburg- Biedenkopf besch\u00e4ftigt sich bereits seit l\u00e4ngerer Zeit intensiv mit dieser Thematik. Unser 2009 hierzu initiiertes Projekt\u00a0<b><i>go onlife<\/i><\/b>\u00a0informiert, ber\u00e4t und bietet Pr\u00e4vention an. In vertraulichen und kostenlosen Beratungsgespr\u00e4chen sowie durch spezielle Angebote bieten wir betroffenen Kindern, Jugendlichen sowie\u00a0Erwachsenen und Angeh\u00f6rigen Betroffener fachlich qualifizierte Hilfe und Unterst\u00fctzung.<\/span><\/p>\n<p class=\"MsoNormal\" style=\"margin-bottom: 0cm; line-height: 15.75pt; background-image: initial; background-position: initial; background-size: initial; background-repeat: initial; background-attachment: initial; background-origin: initial; background-clip: initial;\"><span style=\"font-size: 10.5pt; font-family: 'Arial',sans-serif; mso-fareast-font-family: 'Times New Roman'; color: #666666; mso-font-kerning: 0pt; mso-ligatures: none; mso-fareast-language: DE;\">\u00a0<\/span><\/p>\n<p class=\"MsoNormal\" style=\"margin-bottom: 0cm; line-height: 15.75pt; background-image: initial; background-position: initial; background-size: initial; background-repeat: initial; background-attachment: initial; background-origin: initial; background-clip: initial;\"><span style=\"font-size: 10.5pt; font-family: 'Arial',sans-serif; mso-fareast-font-family: 'Times New Roman'; color: #666666; mso-font-kerning: 0pt; mso-ligatures: none; mso-fareast-language: DE;\"><b>Unsere Angebote richten sich an:<\/b><\/span><\/p>\n<p class=\"MsoNormal\" style=\"margin-bottom: 0cm; line-height: 15.75pt; background-image: initial; background-position: initial; background-size: initial; background-repeat: initial; background-attachment: initial; background-origin: initial; background-clip: initial;\"><span style=\"font-size: 10.5pt; font-family: 'Arial',sans-serif; mso-fareast-font-family: 'Times New Roman'; color: #666666; mso-font-kerning: 0pt; mso-ligatures: none; mso-fareast-language: DE;\">\u00a0<\/span><\/p>\n<p class=\"MsoListParagraphCxSpFirst\" style=\"margin-bottom: 0cm; text-indent: -18pt; line-height: 15.75pt; background-image: initial; background-position: initial; background-size: initial; background-repeat: initial; background-attachment: initial; background-origin: initial; background-clip: initial;\"><!-- [if !supportLists]--><span style=\"font-size: 10.5pt; font-family: 'Arial',sans-serif; mso-fareast-font-family: Arial; color: #666666; mso-font-kerning: 0pt; mso-ligatures: none; mso-fareast-language: DE;\">&#8211;<span style=\"font-variant-numeric: normal; font-variant-east-asian: normal; font-variant-alternates: normal; font-kerning: auto; font-optical-sizing: auto; font-feature-settings: normal; font-variation-settings: normal; font-variant-position: normal; font-stretch: normal; font-size: 7pt; line-height: normal; font-family: 'Times New Roman';\">\u00a0\u00a0\u00a0\u00a0\u00a0\u00a0 <\/span><\/span><!--[endif]--><span style=\"font-size: 10.5pt; font-family: 'Arial',sans-serif; mso-fareast-font-family: 'Times New Roman'; color: #666666; mso-font-kerning: 0pt; mso-ligatures: none; mso-fareast-language: DE;\">Personen, die ihren eigenen Medienkonsum kritisch hinterfragen wollen,<\/span><\/p>\n<p class=\"MsoListParagraphCxSpMiddle\" style=\"margin-bottom: 0cm; text-indent: -18pt; line-height: 15.75pt; background-image: initial; background-position: initial; background-size: initial; background-repeat: initial; background-attachment: initial; background-origin: initial; background-clip: initial;\"><!-- [if !supportLists]--><span style=\"font-size: 10.5pt; font-family: 'Arial',sans-serif; mso-fareast-font-family: Arial; color: #666666; mso-font-kerning: 0pt; mso-ligatures: none; mso-fareast-language: DE;\">&#8211;<span style=\"font-variant-numeric: normal; font-variant-east-asian: normal; font-variant-alternates: normal; font-kerning: auto; font-optical-sizing: auto; font-feature-settings: normal; font-variation-settings: normal; font-variant-position: normal; font-stretch: normal; font-size: 7pt; line-height: normal; font-family: 'Times New Roman';\">\u00a0\u00a0\u00a0\u00a0\u00a0\u00a0 <\/span><\/span><!--[endif]--><span style=\"font-size: 10.5pt; font-family: 'Arial',sans-serif; mso-fareast-font-family: 'Times New Roman'; color: #666666; mso-font-kerning: 0pt; mso-ligatures: none; mso-fareast-language: DE;\">ratsuchende\u00a0Angeh\u00f6rige, die sich Sorgen machen, weil ihr Kind oder eine nahestehende Person zu viel Zeit am Computer verbringt,<\/span><\/p>\n<p class=\"MsoListParagraphCxSpMiddle\" style=\"margin-bottom: 0cm; text-indent: -18pt; line-height: 15.75pt; background-image: initial; background-position: initial; background-size: initial; background-repeat: initial; background-attachment: initial; background-origin: initial; background-clip: initial;\"><span style=\"text-indent: -18pt; font-weight: var( --e-global-typography-text-font-weight ); text-align: var(--text-align); background-color: var(--bs-body-bg); font-size: 10.5pt; font-family: Arial, sans-serif; color: #666666;\">&#8211;<span style=\"font-variant-numeric: normal; font-variant-east-asian: normal; font-variant-alternates: normal; font-kerning: auto; font-optical-sizing: auto; font-feature-settings: normal; font-variation-settings: normal; font-variant-position: normal; font-stretch: normal; font-size: 7pt; line-height: normal; font-family: 'Times New Roman';\">\u00a0\u00a0\u00a0\u00a0\u00a0\u00a0 <\/span><\/span><span style=\"text-indent: -18pt; font-weight: var( --e-global-typography-text-font-weight ); text-align: var(--text-align); background-color: var(--bs-body-bg); font-size: 10.5pt; font-family: Arial, sans-serif; color: #666666;\">Interessierte, die sich \u00fcber den Themenkomplex der digitalen Medien beruflich oder privat informieren m\u00f6chten<\/span><\/p>\t\t\t\t\t\t\t\t<\/div>\n\t\t\t\t<\/div>\n\t\t\t\t<div class=\"elementor-element elementor-element-2625437 elementor-widget elementor-widget-image\" data-id=\"2625437\" data-element_type=\"widget\" data-e-type=\"widget\" data-widget_type=\"image.default\">\n\t\t\t\t<div class=\"elementor-widget-container\">\n\t\t\t\t\t\t\t\t\t\t\t\t\t\t\t<img fetchpriority=\"high\" decoding=\"async\" width=\"500\" height=\"378\" src=\"https:\/\/suchtmr.de\/wp-content\/uploads\/2024\/02\/go_onlife_wordcloud.jpg\" class=\"attachment-large size-large wp-image-101\" alt=\"\" srcset=\"https:\/\/suchtmr.de\/wp-content\/uploads\/2024\/02\/go_onlife_wordcloud.jpg 500w, https:\/\/suchtmr.de\/wp-content\/uploads\/2024\/02\/go_onlife_wordcloud-300x227.jpg 300w\" sizes=\"(max-width: 500px) 100vw, 500px\" \/>\t\t\t\t\t\t\t\t\t\t\t\t\t\t\t<\/div>\n\t\t\t\t<\/div>\n\t\t\t\t\t<\/div>\n\t\t\t\t<\/div>\n\t\t\t\t<\/div>\n\t\t","protected":false},"excerpt":{"rendered":"<p>Hilfe bei problematischem Medienkonsum Im beruflichen sowie privaten Bereich sind Computer, Smartphones und Co. heutzutage in nahezu allen Bereichen vertreten. Doch was kann ich tun, wenn die Faszination zu gro\u00df wird? Wenn die Zeiten vor dem PC immer l\u00e4nger werden? Wenn andere Bereiche, wie Arbeit\/Schule, Freunde, Hobbys, immer mehr in den Hintergrund treten? \u00a0 Die [&#8230;]<\/p>\n<p><a class=\"btn btn-secondary understrap-read-more-link\" href=\"https:\/\/suchtmr.de\/index.php\/problematischer-medienkonsum\/\">Weiterlesen\u00a0\u2026<span class=\"screen-reader-text\"> from go onlife<\/span><\/a><\/p>\n","protected":false},"author":1,"featured_media":0,"parent":0,"menu_order":0,"comment_status":"closed","ping_status":"closed","template":"","meta":{"footnotes":""},"class_list":["post-100","page","type-page","status-publish","hentry"],"_links":{"self":[{"href":"https:\/\/suchtmr.de\/index.php\/wp-json\/wp\/v2\/pages\/100","targetHints":{"allow":["GET"]}}],"collection":[{"href":"https:\/\/suchtmr.de\/index.php\/wp-json\/wp\/v2\/pages"}],"about":[{"href":"https:\/\/suchtmr.de\/index.php\/wp-json\/wp\/v2\/types\/page"}],"author":[{"embeddable":true,"href":"https:\/\/suchtmr.de\/index.php\/wp-json\/wp\/v2\/users\/1"}],"replies":[{"embeddable":true,"href":"https:\/\/suchtmr.de\/index.php\/wp-json\/wp\/v2\/comments?post=100"}],"version-history":[{"count":21,"href":"https:\/\/suchtmr.de\/index.php\/wp-json\/wp\/v2\/pages\/100\/revisions"}],"predecessor-version":[{"id":377,"href":"https:\/\/suchtmr.de\/index.php\/wp-json\/wp\/v2\/pages\/100\/revisions\/377"}],"wp:attachment":[{"href":"https:\/\/suchtmr.de\/index.php\/wp-json\/wp\/v2\/media?parent=100"}],"curies":[{"name":"wp","href":"https:\/\/api.w.org\/{rel}","templated":true}]}}